{"id":95,"date":"2024-07-09T19:31:14","date_gmt":"2024-07-09T19:31:14","guid":{"rendered":"https:\/\/therapie-blume.de\/?page_id=95"},"modified":"2026-03-10T12:16:46","modified_gmt":"2026-03-10T12:16:46","slug":"ueber-mich","status":"publish","type":"page","link":"https:\/\/therapie-blume.de\/?page_id=95","title":{"rendered":"\u00dcber mich"},"content":{"rendered":"\n<p class=\"has-electric-grass-gradient-background has-background has-medium-font-size\"><strong>Innere Potenziale entfalten und das Selbstwertgef\u00fchl eines Menschen unterst\u00fctzen<\/strong><\/p>\n\n\n\n<p>Guten Tag lieber Mensch,<\/p>\n\n\n\n<p>meine \u00dcberzeugung ist, dass in jedem von uns viel mehr Ressourcen und Selbsthilfekr\u00e4fte stecken, als wir uns vorstellen k\u00f6nnen.<\/p>\n\n\n\n<figure class=\"wp-block-image size-full is-resized\"><img fetchpriority=\"high\" decoding=\"async\" width=\"1707\" height=\"2560\" src=\"https:\/\/therapie-blume.de\/wp-content\/uploads\/2025\/09\/IMG_7698-scaled.jpg\" alt=\"\" class=\"wp-image-470\" style=\"width:365px;height:auto\" srcset=\"https:\/\/therapie-blume.de\/wp-content\/uploads\/2025\/09\/IMG_7698-scaled.jpg 1707w, https:\/\/therapie-blume.de\/wp-content\/uploads\/2025\/09\/IMG_7698-200x300.jpg 200w, https:\/\/therapie-blume.de\/wp-content\/uploads\/2025\/09\/IMG_7698-683x1024.jpg 683w, https:\/\/therapie-blume.de\/wp-content\/uploads\/2025\/09\/IMG_7698-768x1152.jpg 768w, https:\/\/therapie-blume.de\/wp-content\/uploads\/2025\/09\/IMG_7698-1024x1536.jpg 1024w, https:\/\/therapie-blume.de\/wp-content\/uploads\/2025\/09\/IMG_7698-1365x2048.jpg 1365w\" sizes=\"(max-width: 1707px) 100vw, 1707px\" \/><\/figure>\n\n\n\n<p>Mein beruflicher Werdegang hat mich dahingehend immer mehr best\u00e4tigt. Dieser f\u00fchrte mich von der examinierten Krankenschwester zur Heilpraktikerin eingeschr\u00e4nkt f\u00fcr Psychotherapie, sowie zur Musiktherapie, da Musik schon immer in irgendeiner Art und Weise zu meinem Leben geh\u00f6rte. Dem schloss sich dann die Methodik der Kunsttherapie und die Fortbildung zur Singleiterin an. Gerade diese ganzheitliche Arbeit, &#8211; K\u00f6rper, Geist und Seele in Einklang zu bringen, entspricht meinem Wesen therapeutisch wirksam zu arbeiten. Denn diesen ganzen Ausrichtungen ist gemeinsam, dass der Mensch vom Denken aus mehr in das F\u00fchlen kommen kann &#8211; im Hier und Jetzt. Uns Menschen f\u00e4llt es zumeist leichter etwas in uns zu ver\u00e4ndern, wenn wir nicht nur im Kopf sind, sondern etwas Wahrnehmen, Erleben, F\u00fchlen und Sp\u00fcren k\u00f6nnen. Das ist was ich in meiner Therapie-Blume-Praxis lebe und Ihnen gerne anbieten mag: Kommen Sie zum Reden und Verstehen, aber gerne auch zum Tun. Anstatt durch die Blume Ihnen etwas zu sagen, mag ich Sie einladen, dass Sie sich ihren eigenen Blumenstrau\u00df zusammenbinden. Bei mir in der Praxis finden Sie zahlreiche M\u00f6glichkeiten Ihre Blumen (Ressourcen) gedeihen zu lassen und dann f\u00fcr sich selbst zu pfl\u00fccken (Resilienz zu st\u00e4rken). Meine Intention und mein Bestreben ist es, Menschen in ihren verschiedensten, auch herausfordernden Lebensabschnitten oder sogar Krisen zu begleiten. Meinen Antrieb hole ich aus meiner Neugier zu der Einzigartigkeit eines jeden Menschen \u2013 wir sind Wunder!<\/p>\n\n\n\n<p class=\"has-luminous-vivid-amber-background-color has-background\"><strong>\u201eDu musst herausfinden, was in dir ein Licht entfacht, damit du auf deine eigene Weise die Welt erleuchten kannst.\u201c Oprah Winfrey<\/strong><\/p>\n\n\n\n<p class=\"has-white-background-color has-background\">Um weiter an meiner Professionalit\u00e4t zu arbeiten (Vortr\u00e4ge, Weiterbildungen, Fortbildungen, Seminare, Neuentwicklungen) und um Kollegialen Austausch wahrzunehmen bin ich in verschiedenen Verb\u00e4nden aktives Mitglied:<\/p>\n\n\n\n<p class=\"has-medium-font-size\"><strong>Mitgliedschaften:<\/strong><\/p>\n\n\n\n<p>Verband freier Psychotherapeuten (VfP)\u2026<\/p>\n\n\n\n<p>Singende Krankenh\u00e4user &#8211; internationales Netzwerk zur F\u00f6rderung des Singens in Gesundheitseinrichtungen e.V.<\/p>\n\n\n\n<p>Deutsche musiktherapeutische Gesellschaft (DmtG)<\/p>\n\n\n\n<p>Deutsche Gesellschaft f\u00fcr k\u00fcnstlerische Therapieformen (dgkt)<\/p>\n\n\n\n<p>\u2026 und privat in diversen anderen Vereinen<\/p>\n\n\n\n<p class=\"has-medium-font-size\"><strong>Ausbildungen und T\u00e4tigkeiten:<\/strong><\/p>\n\n\n\n<p>Heilpraktikerin eingeschr\u00e4nkt f\u00fcr Psychotherapie<\/p>\n\n\n\n<p>Therapeutische Hypnose<\/p>\n\n\n\n<p>zertifizierte Singleiterin f\u00fcr Gesundheitseinrichtungen und Krankenh\u00e4user<\/p>\n\n\n\n<p>Klinische Musiktherapeutin<\/p>\n\n\n\n<p>Klinische Kunsttherapeutin<\/p>\n\n\n\n<p>EMDR (Eye Movement Desensitization Reprocessing)<\/p>\n\n\n\n<p>Musiktherapeutin, Psychosomatische Tagesklinik, Frankfurt<\/p>\n\n\n\n<p>Musiktherapeutin, Senioreneinrichtung, Frankfurt<\/p>\n\n\n\n<p>Musiktherapeutin, Neurologische Patienten<\/p>\n\n\n\n<p>Musiktherapeutin, Erwachsene mit geistiger und k\u00f6rperlicher Behinderung<\/p>\n\n\n\n<p>Kunsttherapeutin, Median Psychosomatische Rehaklinik<\/p>\n\n\n\n<p>2019 Beginn Ausbildung zur Kunsttherapeutin und<\/p>\n\n\n\n<p>Heilpraktikerin eingeschr\u00e4nkt f\u00fcr Psychotherapie<\/p>\n\n\n\n<p>2017&nbsp;&nbsp; Beginn Ausbildungen zur Kreativ- bzw. Klinischen Musiktherapeutin<\/p>\n\n\n\n<p>1990 bis 2018 verschiedene T\u00e4tigkeiten in Kliniken, Praxen, Suchtbereich Jugendliche, u.a. (und auch Elternzeit)<\/p>\n\n\n\n<p>1990 Examen staatlich gepr\u00fcfte Krankenschwester, Rot Kreuz Kliniken, Frankfurt<\/p>\n\n\n\n<p><strong>Praktika im Psychotherapeutischen Kontext:<\/strong><\/p>\n\n\n\n<p>Heiligenfeld Kliniken, Bad Kissingen<\/p>\n\n\n\n<p>Linden Tagesklinik, Frankfurt am Main<\/p>\n\n\n\n<p>Psychosomatik, Hofheim am Taunus<\/p>\n\n\n\n<p><strong>Weiteres:<\/strong><\/p>\n\n\n\n<p>Eine Tagesklinik hat durch mich die Musiktherapie in ihr Klinikprogramm aufgenommen. <\/p>\n\n\n\n<p>Singkreise f\u00fcr Heilsames Singen<\/p>\n\n\n\n<figure class=\"wp-block-image size-full is-resized\"><img decoding=\"async\" width=\"327\" height=\"327\" src=\"https:\/\/therapie-blume.de\/wp-content\/uploads\/2025\/01\/image.png\" alt=\"\" class=\"wp-image-309\" style=\"width:164px;height:auto\" srcset=\"https:\/\/therapie-blume.de\/wp-content\/uploads\/2025\/01\/image.png 327w, https:\/\/therapie-blume.de\/wp-content\/uploads\/2025\/01\/image-300x300.png 300w, https:\/\/therapie-blume.de\/wp-content\/uploads\/2025\/01\/image-150x150.png 150w\" sizes=\"(max-width: 327px) 100vw, 327px\" \/><\/figure>\n\n\n\n<figure class=\"wp-block-image size-full is-resized\"><img decoding=\"async\" width=\"349\" height=\"195\" src=\"https:\/\/therapie-blume.de\/wp-content\/uploads\/2025\/01\/image-1.png\" alt=\"\" class=\"wp-image-311\" style=\"width:302px;height:auto\" srcset=\"https:\/\/therapie-blume.de\/wp-content\/uploads\/2025\/01\/image-1.png 349w, https:\/\/therapie-blume.de\/wp-content\/uploads\/2025\/01\/image-1-300x168.png 300w\" sizes=\"(max-width: 349px) 100vw, 349px\" \/><\/figure>\n\n\n\n<figure class=\"wp-block-image size-full is-resized\"><img loading=\"lazy\" decoding=\"async\" width=\"319\" height=\"310\" src=\"https:\/\/therapie-blume.de\/wp-content\/uploads\/2025\/01\/image-2.png\" alt=\"\" class=\"wp-image-312\" style=\"width:197px;height:auto\" srcset=\"https:\/\/therapie-blume.de\/wp-content\/uploads\/2025\/01\/image-2.png 319w, https:\/\/therapie-blume.de\/wp-content\/uploads\/2025\/01\/image-2-300x292.png 300w\" sizes=\"(max-width: 319px) 100vw, 319px\" \/><\/figure>\n","protected":false},"excerpt":{"rendered":"<p>Innere Potenziale entfalten und das Selbstwertgef\u00fchl eines Menschen unterst\u00fctzen Guten Tag lieber Mensch, meine \u00dcberzeugung ist, dass in jedem von [&hellip;]<\/p>\n","protected":false},"author":1,"featured_media":0,"parent":0,"menu_order":0,"comment_status":"closed","ping_status":"closed","template":"","meta":{"site-sidebar-layout":"default","site-content-layout":"","ast-site-content-layout":"default","site-content-style":"default","site-sidebar-style":"default","ast-global-header-display":"","ast-banner-title-visibility":"","ast-main-header-display":"","ast-hfb-above-header-display":"","ast-hfb-below-header-display":"","ast-hfb-mobile-header-display":"","site-post-title":"","ast-breadcrumbs-content":"","ast-featured-img":"","footer-sml-layout":"","ast-disable-related-posts":"","theme-transparent-header-meta":"","adv-header-id-meta":"","stick-header-meta":"","header-above-stick-meta":"","header-main-stick-meta":"","header-below-stick-meta":"","astra-migrate-meta-layouts":"default","ast-page-background-enabled":"default","ast-page-background-meta":{"desktop":{"background-color":"var(--ast-global-color-4)","background-image":"","background-repeat":"repeat","background-position":"center center","background-size":"auto","background-attachment":"scroll","background-type":"","background-media":"","overlay-type":"","overlay-color":"","overlay-opacity":"","overlay-gradient":""},"tablet":{"background-color":"","background-image":"","background-repeat":"repeat","background-position":"center center","background-size":"auto","background-attachment":"scroll","background-type":"","background-media":"","overlay-type":"","overlay-color":"","overlay-opacity":"","overlay-gradient":""},"mobile":{"background-color":"","background-image":"","background-repeat":"repeat","background-position":"center center","background-size":"auto","background-attachment":"scroll","background-type":"","background-media":"","overlay-type":"","overlay-color":"","overlay-opacity":"","overlay-gradient":""}},"ast-content-background-meta":{"desktop":{"background-color":"var(--ast-global-color-5)","background-image":"","background-repeat":"repeat","background-position":"center center","background-size":"auto","background-attachment":"scroll","background-type":"","background-media":"","overlay-type":"","overlay-color":"","overlay-opacity":"","overlay-gradient":""},"tablet":{"background-color":"var(--ast-global-color-5)","background-image":"","background-repeat":"repeat","background-position":"center center","background-size":"auto","background-attachment":"scroll","background-type":"","background-media":"","overlay-type":"","overlay-color":"","overlay-opacity":"","overlay-gradient":""},"mobile":{"background-color":"var(--ast-global-color-5)","background-image":"","background-repeat":"repeat","background-position":"center center","background-size":"auto","background-attachment":"scroll","background-type":"","background-media":"","overlay-type":"","overlay-color":"","overlay-opacity":"","overlay-gradient":""}},"footnotes":""},"class_list":["post-95","page","type-page","status-publish","hentry"],"_links":{"self":[{"href":"https:\/\/therapie-blume.de\/index.php?rest_route=\/wp\/v2\/pages\/95","targetHints":{"allow":["GET"]}}],"collection":[{"href":"https:\/\/therapie-blume.de\/index.php?rest_route=\/wp\/v2\/pages"}],"about":[{"href":"https:\/\/therapie-blume.de\/index.php?rest_route=\/wp\/v2\/types\/page"}],"author":[{"embeddable":true,"href":"https:\/\/therapie-blume.de\/index.php?rest_route=\/wp\/v2\/users\/1"}],"replies":[{"embeddable":true,"href":"https:\/\/therapie-blume.de\/index.php?rest_route=%2Fwp%2Fv2%2Fcomments&post=95"}],"version-history":[{"count":10,"href":"https:\/\/therapie-blume.de\/index.php?rest_route=\/wp\/v2\/pages\/95\/revisions"}],"predecessor-version":[{"id":638,"href":"https:\/\/therapie-blume.de\/index.php?rest_route=\/wp\/v2\/pages\/95\/revisions\/638"}],"wp:attachment":[{"href":"https:\/\/therapie-blume.de\/index.php?rest_route=%2Fwp%2Fv2%2Fmedia&parent=95"}],"curies":[{"name":"wp","href":"https:\/\/api.w.org\/{rel}","templated":true}]}}