{"id":91,"date":"2024-07-09T19:30:08","date_gmt":"2024-07-09T19:30:08","guid":{"rendered":"https:\/\/therapie-blume.de\/?page_id=91"},"modified":"2025-09-20T14:12:23","modified_gmt":"2025-09-20T14:12:23","slug":"therapie-angebote","status":"publish","type":"page","link":"https:\/\/therapie-blume.de\/?page_id=91","title":{"rendered":"Therapie Angebote"},"content":{"rendered":"\n<p class=\"has-ast-global-color-2-color has-text-color has-background has-link-color has-medium-font-size wp-elements-f76d748f3cce5555191a8ad1ab2e5311\" style=\"background-color:#0dfc00bf\"><strong>&#8222;Kreativit\u00e4t ist die jedem Menschen innewohnende Lebenskraft&#8220; Helen I. Bachmann<\/strong><\/p>\n\n\n\n<p><strong>Sie<\/strong> sind einzigartig und genauso einzigartig ist Ihr Weg in der Therapie. Individuelle Begleitung gepr\u00e4gt von Respekt und Einf\u00fchlungsverm\u00f6gen in einem gesch\u00fctzten und wertsch\u00e4tzendem Raum ist mir ein gro\u00dfes Anliegen f\u00fcr Ihren Weg.<\/p>\n\n\n\n<p>Als ausgebildete Heilpraktikerin f\u00fcr Psychotherapie, Musik- und Kunsttherapeutin, zertifizierte Singleiterin der Singenden Krankenh\u00e4user e.V. stehen Ihnen bei mir verschiedene M\u00f6glichkeiten der Therapiebegleitung zur Verf\u00fcgung. Diese folgen gleichberechtigt ganzheitlich-humanistischen, verhaltenstherapeutischen, systemischen und tiefenpsychologischen Ans\u00e4tzen.\u00a0<\/p>\n\n\n\n<figure class=\"wp-block-image size-large\"><img fetchpriority=\"high\" decoding=\"async\" width=\"683\" height=\"1024\" src=\"https:\/\/therapie-blume.de\/wp-content\/uploads\/2025\/09\/IMG_7747-683x1024.jpg\" alt=\"\" class=\"wp-image-474\" srcset=\"https:\/\/therapie-blume.de\/wp-content\/uploads\/2025\/09\/IMG_7747-683x1024.jpg 683w, https:\/\/therapie-blume.de\/wp-content\/uploads\/2025\/09\/IMG_7747-200x300.jpg 200w, https:\/\/therapie-blume.de\/wp-content\/uploads\/2025\/09\/IMG_7747-768x1152.jpg 768w, https:\/\/therapie-blume.de\/wp-content\/uploads\/2025\/09\/IMG_7747-1024x1536.jpg 1024w, https:\/\/therapie-blume.de\/wp-content\/uploads\/2025\/09\/IMG_7747-1365x2048.jpg 1365w, https:\/\/therapie-blume.de\/wp-content\/uploads\/2025\/09\/IMG_7747-scaled.jpg 1706w\" sizes=\"(max-width: 683px) 100vw, 683px\" \/><\/figure>\n","protected":false},"excerpt":{"rendered":"<p>&#8222;Kreativit\u00e4t ist die jedem Menschen innewohnende Lebenskraft&#8220; Helen I. Bachmann Sie sind einzigartig und genauso einzigartig ist Ihr Weg in [&hellip;]<\/p>\n","protected":false},"author":1,"featured_media":0,"parent":0,"menu_order":0,"comment_status":"closed","ping_status":"closed","template":"","meta":{"site-sidebar-layout":"default","site-content-layout":"","ast-site-content-layout":"default","site-content-style":"default","site-sidebar-style":"default","ast-global-header-display":"","ast-banner-title-visibility":"","ast-main-header-display":"","ast-hfb-above-header-display":"","ast-hfb-below-header-display":"","ast-hfb-mobile-header-display":"","site-post-title":"","ast-breadcrumbs-content":"","ast-featured-img":"","footer-sml-layout":"","ast-disable-related-posts":"","theme-transparent-header-meta":"","adv-header-id-meta":"","stick-header-meta":"","header-above-stick-meta":"","header-main-stick-meta":"","header-below-stick-meta":"","astra-migrate-meta-layouts":"default","ast-page-background-enabled":"default","ast-page-background-meta":{"desktop":{"background-color":"var(--ast-global-color-4)","background-image":"","background-repeat":"repeat","background-position":"center center","background-size":"auto","background-attachment":"scroll","background-type":"","background-media":"","overlay-type":"","overlay-color":"","overlay-opacity":"","overlay-gradient":""},"tablet":{"background-color":"","background-image":"","background-repeat":"repeat","background-position":"center center","background-size":"auto","background-attachment":"scroll","background-type":"","background-media":"","overlay-type":"","overlay-color":"","overlay-opacity":"","overlay-gradient":""},"mobile":{"background-color":"","background-image":"","background-repeat":"repeat","background-position":"center center","background-size":"auto","background-attachment":"scroll","background-type":"","background-media":"","overlay-type":"","overlay-color":"","overlay-opacity":"","overlay-gradient":""}},"ast-content-background-meta":{"desktop":{"background-color":"var(--ast-global-color-5)","background-image":"","background-repeat":"repeat","background-position":"center center","background-size":"auto","background-attachment":"scroll","background-type":"","background-media":"","overlay-type":"","overlay-color":"","overlay-opacity":"","overlay-gradient":""},"tablet":{"background-color":"var(--ast-global-color-5)","background-image":"","background-repeat":"repeat","background-position":"center center","background-size":"auto","background-attachment":"scroll","background-type":"","background-media":"","overlay-type":"","overlay-color":"","overlay-opacity":"","overlay-gradient":""},"mobile":{"background-color":"var(--ast-global-color-5)","background-image":"","background-repeat":"repeat","background-position":"center center","background-size":"auto","background-attachment":"scroll","background-type":"","background-media":"","overlay-type":"","overlay-color":"","overlay-opacity":"","overlay-gradient":""}},"footnotes":""},"class_list":["post-91","page","type-page","status-publish","hentry"],"_links":{"self":[{"href":"https:\/\/therapie-blume.de\/index.php?rest_route=\/wp\/v2\/pages\/91","targetHints":{"allow":["GET"]}}],"collection":[{"href":"https:\/\/therapie-blume.de\/index.php?rest_route=\/wp\/v2\/pages"}],"about":[{"href":"https:\/\/therapie-blume.de\/index.php?rest_route=\/wp\/v2\/types\/page"}],"author":[{"embeddable":true,"href":"https:\/\/therapie-blume.de\/index.php?rest_route=\/wp\/v2\/users\/1"}],"replies":[{"embeddable":true,"href":"https:\/\/therapie-blume.de\/index.php?rest_route=%2Fwp%2Fv2%2Fcomments&post=91"}],"version-history":[{"count":10,"href":"https:\/\/therapie-blume.de\/index.php?rest_route=\/wp\/v2\/pages\/91\/revisions"}],"predecessor-version":[{"id":492,"href":"https:\/\/therapie-blume.de\/index.php?rest_route=\/wp\/v2\/pages\/91\/revisions\/492"}],"wp:attachment":[{"href":"https:\/\/therapie-blume.de\/index.php?rest_route=%2Fwp%2Fv2%2Fmedia&parent=91"}],"curies":[{"name":"wp","href":"https:\/\/api.w.org\/{rel}","templated":true}]}}