{"id":31,"date":"2024-06-30T13:40:14","date_gmt":"2024-06-30T13:40:14","guid":{"rendered":"https:\/\/therapie-blume.de\/?page_id=31"},"modified":"2026-01-02T15:36:21","modified_gmt":"2026-01-02T15:36:21","slug":"impressum","status":"publish","type":"page","link":"https:\/\/therapie-blume.de\/?page_id=31","title":{"rendered":"Impressum"},"content":{"rendered":"\n<p><\/p>\n\n\n\n<p>Susanne Eva Blume \u2013 Heilpraktikerin eingeschr\u00e4nkt f\u00fcr Psychotherapie<\/p>\n\n\n\n<p>ebenfalls verantwortlich f\u00fcr den Inhalt der Homepage i.S.d. \u00a7 18 Abs. 2 MStV<\/p>\n\n\n\n<p>Im Hirtengarten 12<\/p>\n\n\n\n<p>65817 Eppstein<\/p>\n\n\n\n<p>Telefon: +49 173 6690988<\/p>\n\n\n\n<p>E-Mail: <a href=\"mailto:s.e.blume@web.de\">s.e.blume@web.de<\/a><\/p>\n\n\n\n<p><strong>Hinweis auf \u00a7 4 Nr. 14 UstG:<\/strong><\/p>\n\n\n\n<p>Heilkundliche T\u00e4tigkeiten sind gem\u00e4\u00df \u00a7 4 Nr. 14 UstG von der Umsatzsteuer befreit. Aus diesem Grund erhebe ich keine Umsatzsteuer und weise diese folglich auch nicht aus.<\/p>\n\n\n\n<p><strong>Webdesign &amp; Fotografie:<\/strong><\/p>\n\n\n\n<p>Susanne Eva Blume<\/p>\n\n\n\n<p>Im Hirtengarten 12<\/p>\n\n\n\n<p>65817 Eppstein<\/p>\n\n\n\n<p><strong>Angaben zur Berufshaftpflichtversicherung<\/strong><\/p>\n\n\n\n<p>Name und Sitz des Versicherers:<\/p>\n\n\n\n<p>Die Continentale<\/p>\n\n\n\n<p>Ruhrallee 92<\/p>\n\n\n\n<p>44139 Dortmund<\/p>\n\n\n\n<p>Geltungsraum der Versicherung:<\/p>\n\n\n\n<p>Deutschland<\/p>\n\n\n\n<p><strong>Gesetzliche Berufsbezeichnung:<\/strong><\/p>\n\n\n\n<p>Erlaubnis zur Aus\u00fcbung der Heilkunde ohne Bestallung<\/p>\n\n\n\n<p>Heilpraktikerin eingeschr\u00e4nkt f\u00fcr Psychotherapie, verliehen am<\/p>\n\n\n\n<p>26. April 2022 durch den Main-Taunus-Kreis, Bundesrepublik Deutschland<\/p>\n\n\n\n<p>Zust\u00e4ndige Aufsichtsbeh\u00f6rde:<\/p>\n\n\n\n<p>Gesundheitsamt des Main-Taunus-Kreises<\/p>\n\n\n\n<p>Am Kreishaus 1-5<\/p>\n\n\n\n<p>65719 Hofheim<\/p>\n\n\n\n<p><a href=\"https:\/\/www.mtk.org\">https:\/\/www.mtk.org<\/a><\/p>\n\n\n\n<p><strong>Berufsverb\u00e4nde\/Mitgliedschaften:<\/strong><\/p>\n\n\n\n<p>Verband freier Psychotherapeuten (VfP)<\/p>\n\n\n\n<p>www.vfp.de<\/p>\n\n\n\n<p>Deutsche musiktherapeutische Gesellschaft (DmtG)<\/p>\n\n\n\n<p><a href=\"http:\/\/www.musiktherapie.de\">www.musiktherapie.de<\/a><\/p>\n\n\n\n<p>Deutsche Gesellschaft f\u00fcr k\u00fcnstlerische Therapieformen (dgkt)<\/p>\n\n\n\n<p><a href=\"http:\/\/www.dgkt.de\">www.dgkt.de<\/a><\/p>\n\n\n\n<p>Singende Krankenh\u00e4user &#8211; internationales Netzwerk zur F\u00f6rderung des Singens in Gesundheitseinrichtungen e.V.<\/p>\n\n\n\n<p><a href=\"http:\/\/www.singende-krankenhaeuser.de\">www.singende-krankenhaeuser.de<\/a><\/p>\n\n\n\n<p><strong>Berufsrechtliche Regelungen:&nbsp;<\/strong><\/p>\n\n\n\n<p>Heilpratikergesetz und Durchf\u00fchrungsverordnung: Nachzulesen im Internet unter<\/p>\n\n\n\n<p><a href=\"http:\/\/www.gesetze-im-internet.de\/heilprg\/index.html\">http:\/\/www.gesetze-im-internet.de\/heilprg\/index.html<\/a><\/p>\n\n\n\n<p>und&nbsp;<\/p>\n\n\n\n<figure class=\"wp-block-embed\"><div class=\"wp-block-embed__wrapper\">\nhttps:\/\/www.gesetze-im-internet.de\/heilprgdv_1\/index.html\n<\/div><\/figure>\n\n\n\n<p><strong>Hinweis:&nbsp;<\/strong><\/p>\n\n\n\n<p>Nicht alle der von mir auf dieser Webseite beschriebenen psychotherapeutischen Verfahren gelten in Deutschland als \u201ewissenschaftlich anerkannt\u201c nach den Kriterien der Schulmedizin, werden aber hier und in vielen anderen L\u00e4ndern der Welt auf der Basis von Erfahrungswissen angewandt. Welche Ans\u00e4tze f\u00fcr Sie geeignet erscheinen, finden wir gemeinsam heraus, wobei ein Heil- oder Erfolgsversprechen nicht gegeben werden kann \u2013 zumal Ablauf und Wirkung einer konkreten Behandlung stets von vielen individuellen Faktoren abh\u00e4ngen.<\/p>\n\n\n\n<p><\/p>\n\n\n\n<p><strong>Streitschlichtung<\/strong><\/p>\n\n\n\n<p>Wir sind nicht bereit oder verpflichtet, an Streitbeilegungsverfahren vor einer Verbraucherschlichtungsstelle teilzunehmen. <\/p>\n\n\n\n<p><strong>Urheberrecht<\/strong><\/p>\n\n\n\n<p>Die durch die Seitenbetreiber erstellten Inhalte und Werke auf diesen Seiten unterliegen dem deutschen Urheberrecht. Die Vervielf\u00e4ltigung, Bearbeitung, Verbreitung und jede Art der Verwertung au\u00dferhalb der Grenzen des Urheberrechtes bed\u00fcrfen der schriftlichen Zustimmung des jeweiligen Autors bzw. Erstellers. Downloads und Kopien dieser Seite sind nur f\u00fcr den privaten, nicht kommerziellen Gebrauch gestattet.<\/p>\n\n\n\n<p>Soweit die Inhalte auf dieser Seite nicht vom Betreiber erstellt wurden, werden die Urheberrechte Dritter beachtet. Insbesondere werden Inhalte Dritter als solche gekennzeichnet. Sollten Sie trotzdem auf eine Urheberrechtsverletzung aufmerksam werden, bitten wir um einen entsprechenden Hinweis. Bei Bekanntwerden von Rechtsverletzungen werden wir derartige Inhalte umgehend entfernen.<\/p>\n","protected":false},"excerpt":{"rendered":"<p>Susanne Eva Blume \u2013 Heilpraktikerin eingeschr\u00e4nkt f\u00fcr Psychotherapie ebenfalls verantwortlich f\u00fcr den Inhalt der Homepage i.S.d. \u00a7 18 Abs. 2 [&hellip;]<\/p>\n","protected":false},"author":1,"featured_media":0,"parent":0,"menu_order":0,"comment_status":"closed","ping_status":"closed","template":"","meta":{"site-sidebar-layout":"default","site-content-layout":"","ast-site-content-layout":"default","site-content-style":"default","site-sidebar-style":"default","ast-global-header-display":"","ast-banner-title-visibility":"","ast-main-header-display":"","ast-hfb-above-header-display":"","ast-hfb-below-header-display":"","ast-hfb-mobile-header-display":"","site-post-title":"","ast-breadcrumbs-content":"","ast-featured-img":"","footer-sml-layout":"","ast-disable-related-posts":"","theme-transparent-header-meta":"","adv-header-id-meta":"","stick-header-meta":"","header-above-stick-meta":"","header-main-stick-meta":"","header-below-stick-meta":"","astra-migrate-meta-layouts":"default","ast-page-background-enabled":"default","ast-page-background-meta":{"desktop":{"background-color":"var(--ast-global-color-4)","background-image":"","background-repeat":"repeat","background-position":"center center","background-size":"auto","background-attachment":"scroll","background-type":"","background-media":"","overlay-type":"","overlay-color":"","overlay-opacity":"","overlay-gradient":""},"tablet":{"background-color":"","background-image":"","background-repeat":"repeat","background-position":"center center","background-size":"auto","background-attachment":"scroll","background-type":"","background-media":"","overlay-type":"","overlay-color":"","overlay-opacity":"","overlay-gradient":""},"mobile":{"background-color":"","background-image":"","background-repeat":"repeat","background-position":"center center","background-size":"auto","background-attachment":"scroll","background-type":"","background-media":"","overlay-type":"","overlay-color":"","overlay-opacity":"","overlay-gradient":""}},"ast-content-background-meta":{"desktop":{"background-color":"var(--ast-global-color-5)","background-image":"","background-repeat":"repeat","background-position":"center center","background-size":"auto","background-attachment":"scroll","background-type":"","background-media":"","overlay-type":"","overlay-color":"","overlay-opacity":"","overlay-gradient":""},"tablet":{"background-color":"var(--ast-global-color-5)","background-image":"","background-repeat":"repeat","background-position":"center center","background-size":"auto","background-attachment":"scroll","background-type":"","background-media":"","overlay-type":"","overlay-color":"","overlay-opacity":"","overlay-gradient":""},"mobile":{"background-color":"var(--ast-global-color-5)","background-image":"","background-repeat":"repeat","background-position":"center center","background-size":"auto","background-attachment":"scroll","background-type":"","background-media":"","overlay-type":"","overlay-color":"","overlay-opacity":"","overlay-gradient":""}},"footnotes":""},"class_list":["post-31","page","type-page","status-publish","hentry"],"_links":{"self":[{"href":"https:\/\/therapie-blume.de\/index.php?rest_route=\/wp\/v2\/pages\/31","targetHints":{"allow":["GET"]}}],"collection":[{"href":"https:\/\/therapie-blume.de\/index.php?rest_route=\/wp\/v2\/pages"}],"about":[{"href":"https:\/\/therapie-blume.de\/index.php?rest_route=\/wp\/v2\/types\/page"}],"author":[{"embeddable":true,"href":"https:\/\/therapie-blume.de\/index.php?rest_route=\/wp\/v2\/users\/1"}],"replies":[{"embeddable":true,"href":"https:\/\/therapie-blume.de\/index.php?rest_route=%2Fwp%2Fv2%2Fcomments&post=31"}],"version-history":[{"count":1,"href":"https:\/\/therapie-blume.de\/index.php?rest_route=\/wp\/v2\/pages\/31\/revisions"}],"predecessor-version":[{"id":581,"href":"https:\/\/therapie-blume.de\/index.php?rest_route=\/wp\/v2\/pages\/31\/revisions\/581"}],"wp:attachment":[{"href":"https:\/\/therapie-blume.de\/index.php?rest_route=%2Fwp%2Fv2%2Fmedia&parent=31"}],"curies":[{"name":"wp","href":"https:\/\/api.w.org\/{rel}","templated":true}]}}