{"id":263,"date":"2025-01-08T17:33:30","date_gmt":"2025-01-08T17:33:30","guid":{"rendered":"https:\/\/therapie-blume.de\/?page_id=263"},"modified":"2026-03-10T11:40:39","modified_gmt":"2026-03-10T11:40:39","slug":"angebote-singen-und-ablauf","status":"publish","type":"page","link":"https:\/\/therapie-blume.de\/?page_id=263","title":{"rendered":"Angebote Singen und Ablauf"},"content":{"rendered":"\t\t<div data-elementor-type=\"wp-page\" data-elementor-id=\"263\" class=\"elementor elementor-263\">\n\t\t\t\t<div class=\"elementor-element elementor-element-627ac89 e-flex e-con-boxed e-con e-parent\" data-id=\"627ac89\" data-element_type=\"container\">\n\t\t\t\t\t<div class=\"e-con-inner\">\n\t\t\t\t<div class=\"elementor-element elementor-element-9191450 elementor-widget elementor-widget-heading\" data-id=\"9191450\" data-element_type=\"widget\" data-widget_type=\"heading.default\">\n\t\t\t\t<div class=\"elementor-widget-container\">\n\t\t\t\t\t<h2 class=\"elementor-heading-title elementor-size-default\">Angebote Singen und Ablauf<\/h2>\t\t\t\t<\/div>\n\t\t\t\t<\/div>\n\t\t\t\t\t<\/div>\n\t\t\t\t<\/div>\n\t\t<div class=\"elementor-element elementor-element-ea213c3 e-flex e-con-boxed e-con e-parent\" data-id=\"ea213c3\" data-element_type=\"container\">\n\t\t\t\t\t<div class=\"e-con-inner\">\n\t\t\t\t<div class=\"elementor-element elementor-element-42e9507 elementor-widget elementor-widget-text-editor\" data-id=\"42e9507\" data-element_type=\"widget\" data-widget_type=\"text-editor.default\">\n\t\t\t\t<div class=\"elementor-widget-container\">\n\t\t\t\t\t\t\t\t\t<p>Fortlaufendes Angebot; Einstieg und Teilnahme ist jederzeit ohne Verpflichtungen und unregelm\u00e4\u00dfig m\u00f6glich. Unter dem Punkt \u201eAktuelles\u201c finden Sie Informationen, wenn das Singen nicht stattfindet.<\/p><p><strong>Der SingKreis:<\/strong><\/p><p>Im SingKreis (oder auch als Einzelangebot) lade ich Sie ein, die heilende Wirkung des Singens zu erleben. Egal, ob Sie glauben nicht Singen zu k\u00f6nnen oder lange nicht gesungen haben oder aber Sie bereits Erfahrung haben \u2013 hier ist Jedermensch willkommen. Gemeinsam schaffen wir einen Raum, in dem Sie sich frei ausdr\u00fccken und Ihre Stimme entdecken k\u00f6nnen. Hier gibt es kein richtig oder falsch. Frei von Bewertung oder Leistungsdruck entscheiden Sie, ob Sie Singen, sich Bewegen oder vielleicht auch einfach nur lauschen m\u00f6gen! Der SingKreis trifft sich unabh\u00e4ngig von Kultur, Glaubensrichtung, Alter oder Geschlecht. Die Lieder, die wir singen, stammen aus der ganzen Welt und ihnen ist gemeinsam, dass sie einfach, melodi\u00f6s und lebensbejahend sind.<\/p><p><strong>Ablauf in der Gruppe:<\/strong><\/p><p>Heilsames Singen in der Gruppe ist eine besonders bereichernde Erfahrung und verl\u00e4uft in mehreren Phasen:<\/p><ul><li>Begr\u00fc\u00dfung und eine kurze mentale Einstimmung hilft, zur Ruhe zu kommen und sich auf die Musik zu fokussieren.<\/li><li>Atem\u00fcbungen und leichte Aufw\u00e4rm\u00fcbungen schaffen eine entspannte Atmosph\u00e4re und bereiten die Teilnehmer optimal auf das Singen vor.<\/li><li>Singen in der Gruppe mit einfachen, leicht erlernbaren Liedern oder Mantren. Hier steht das gemeinsame Erlebnis und die Verbindung durch den Klang im Vordergrund. Improvisation und Call-and-Response: Diese Elemente f\u00f6rdern Kreativit\u00e4t und verst\u00e4rken das Gef\u00fchl der Gemeinschaft, indem Teilnehmer spontan aufeinander reagieren und singen. Tiefere Klangarbeit: Durch spezifische T\u00f6ne und Vibrationen werden bestimmte K\u00f6rperbereiche oder emotionale Zust\u00e4nde angesprochen, was eine tiefere heilende Wirkung haben kann.<\/li><li>Reflexion und Ausklang: Zum Abschluss <strong>k\u00f6nnen<\/strong> die Teilnehmer ihre Erfahrungen teilen. Ein letztes gemeinsames Lied oder eine Dankesrunde schaffen einen positiven Abschluss.<\/li><\/ul><p><em>\u201eAllen Liedern ist gemeinsam, dass sie sich auf die Erfahrungswelt des Einzelnen richten, Lebendigkeit wecken oder Gef\u00fchlsempfindungen zulassen und dadurch universell wirksam sind. Oftmals werden sie mit Tanz- und Bewegungselementen oder Kreis- und Begegnungsformen verbunden und erhalten dadurch eine noch tiefere Wirkebene, indem das eigene Erleben in der Gruppe sp\u00fcrbewusst wird und sich wechselseitig im gemeinschaftlichen Singen entfalten kann.<\/em><\/p><p><em>Dieses in den \u201eFlow\u201c kommen zeichnet das heilsame Singen aus.\u201c<\/em> Zitat und Ausschnitt aus der Homepage der Singenden Krankenh\u00e4user e.V. (Link: <a href=\"https:\/\/singende-krankenhaeuser.de\/unser-anliegen.html\">https:\/\/singende-krankenhaeuser.de\/unser-anliegen.html<\/a>)<\/p><p>Lassen Sie sich von der Kraft der Musik inspirieren und erleben Sie, wie heilsames Singen Ihr Leben positiv beeinflussen kann!<\/p><p><strong>SingKreis f\u00fcr alle: Dienstags von 18.30 &#8211; 19.45 Uhr im Kulturladen in Medenbach\u00a0<\/strong><\/p><p><strong>Kurs-Kosten: Schnuppern 8,- \u20ac, Einzel 15,- \u20ac, 5er Karte 60,- \u20ac\u00a0\u00a0<\/strong><\/p><p>Kontaktieren Sie mich gerne f\u00fcr weitere Informationen unter meiner Mail Adresse: s.e.blume@web.de oder per SMS \/ WhatsApp: 0173 66 909 88.<\/p><p>Sie k\u00f6nnen mich auch stundenweise f\u00fcr Ihre Einrichtung (Krankenhaus, Hospiz, Seniorenwohnheim, Familieneinrichtung, Selbsthilfegruppe, Trauergruppe o.\u00e4.) buchen. Melden Sie sich gerne bei mir f\u00fcr ein ausf\u00fchrliches Gespr\u00e4ch und weitere Informationen.<\/p><p>Erste Rezensionen zum SingKreis:<\/p><p>\u201e<em>Liebe Susanne, zuerst m\u00f6chte ich mich bei Dir f\u00fcr den Singkreis bedanken. Bin noch nicht so lange dabei, merke aber bereits jetzt einen wohlwollenden Effekt auf mich. Vielen lieben Dank daf\u00fcr. Ich freue mich bereits auf das n\u00e4chste Treffen \ud83d\ude42<\/em>\u201c Sonja G.<\/p><p>\u201e<em>F\u00fcr mich ist das Singen bei Frau Blume eine Stunde ganz mit mir und bei mir. Dennoch in Gesellschaft. Ohne Anspruch. Hier geht es nicht um &#8222;richtige&#8220; T\u00f6ne und ausgefeilte Texte. Ich kann einfache Zeilen summen, t\u00f6nen, singen &#8211; so wie es f\u00fcr mich passt. Oder ich h\u00f6re den anderen und Frau Blumes wunderbarer Gitarrenbegleitung einfach zu. Mich hat bisher noch jede Stunde irgendwie ber\u00fchrt. Danke daf\u00fcr.<\/em>\u201c Katja S.<\/p>\t\t\t\t\t\t\t\t<\/div>\n\t\t\t\t<\/div>\n\t\t\t\t\t<\/div>\n\t\t\t\t<\/div>\n\t\t\t\t<\/div>\n\t\t","protected":false},"excerpt":{"rendered":"<p>Angebote Singen und Ablauf Fortlaufendes Angebot; Einstieg und Teilnahme ist jederzeit ohne Verpflichtungen und unregelm\u00e4\u00dfig m\u00f6glich. Unter dem Punkt \u201eAktuelles\u201c [&hellip;]<\/p>\n","protected":false},"author":1,"featured_media":0,"parent":0,"menu_order":0,"comment_status":"closed","ping_status":"closed","template":"","meta":{"site-sidebar-layout":"no-sidebar","site-content-layout":"","ast-site-content-layout":"full-width-container","site-content-style":"default","site-sidebar-style":"default","ast-global-header-display":"","ast-banner-title-visibility":"","ast-main-header-display":"","ast-hfb-above-header-display":"","ast-hfb-below-header-display":"","ast-hfb-mobile-header-display":"","site-post-title":"disabled","ast-breadcrumbs-content":"","ast-featured-img":"disabled","footer-sml-layout":"","ast-disable-related-posts":"","theme-transparent-header-meta":"","adv-header-id-meta":"","stick-header-meta":"","header-above-stick-meta":"","header-main-stick-meta":"","header-below-stick-meta":"","astra-migrate-meta-layouts":"default","ast-page-background-enabled":"default","ast-page-background-meta":{"desktop":{"background-color":"var(--ast-global-color-4)","background-image":"","background-repeat":"repeat","background-position":"center center","background-size":"auto","background-attachment":"scroll","background-type":"","background-media":"","overlay-type":"","overlay-color":"","overlay-opacity":"","overlay-gradient":""},"tablet":{"background-color":"","background-image":"","background-repeat":"repeat","background-position":"center center","background-size":"auto","background-attachment":"scroll","background-type":"","background-media":"","overlay-type":"","overlay-color":"","overlay-opacity":"","overlay-gradient":""},"mobile":{"background-color":"","background-image":"","background-repeat":"repeat","background-position":"center center","background-size":"auto","background-attachment":"scroll","background-type":"","background-media":"","overlay-type":"","overlay-color":"","overlay-opacity":"","overlay-gradient":""}},"ast-content-background-meta":{"desktop":{"background-color":"var(--ast-global-color-5)","background-image":"","background-repeat":"repeat","background-position":"center center","background-size":"auto","background-attachment":"scroll","background-type":"","background-media":"","overlay-type":"","overlay-color":"","overlay-opacity":"","overlay-gradient":""},"tablet":{"background-color":"var(--ast-global-color-5)","background-image":"","background-repeat":"repeat","background-position":"center center","background-size":"auto","background-attachment":"scroll","background-type":"","background-media":"","overlay-type":"","overlay-color":"","overlay-opacity":"","overlay-gradient":""},"mobile":{"background-color":"var(--ast-global-color-5)","background-image":"","background-repeat":"repeat","background-position":"center center","background-size":"auto","background-attachment":"scroll","background-type":"","background-media":"","overlay-type":"","overlay-color":"","overlay-opacity":"","overlay-gradient":""}},"footnotes":""},"class_list":["post-263","page","type-page","status-publish","hentry"],"_links":{"self":[{"href":"https:\/\/therapie-blume.de\/index.php?rest_route=\/wp\/v2\/pages\/263","targetHints":{"allow":["GET"]}}],"collection":[{"href":"https:\/\/therapie-blume.de\/index.php?rest_route=\/wp\/v2\/pages"}],"about":[{"href":"https:\/\/therapie-blume.de\/index.php?rest_route=\/wp\/v2\/types\/page"}],"author":[{"embeddable":true,"href":"https:\/\/therapie-blume.de\/index.php?rest_route=\/wp\/v2\/users\/1"}],"replies":[{"embeddable":true,"href":"https:\/\/therapie-blume.de\/index.php?rest_route=%2Fwp%2Fv2%2Fcomments&post=263"}],"version-history":[{"count":13,"href":"https:\/\/therapie-blume.de\/index.php?rest_route=\/wp\/v2\/pages\/263\/revisions"}],"predecessor-version":[{"id":630,"href":"https:\/\/therapie-blume.de\/index.php?rest_route=\/wp\/v2\/pages\/263\/revisions\/630"}],"wp:attachment":[{"href":"https:\/\/therapie-blume.de\/index.php?rest_route=%2Fwp%2Fv2%2Fmedia&parent=263"}],"curies":[{"name":"wp","href":"https:\/\/api.w.org\/{rel}","templated":true}]}}