{"id":18,"date":"2024-02-16T19:42:50","date_gmt":"2024-02-16T19:42:50","guid":{"rendered":"http:\/\/therapie-blume.de\/home\/"},"modified":"2026-03-24T10:32:51","modified_gmt":"2026-03-24T10:32:51","slug":"home","status":"publish","type":"page","link":"https:\/\/therapie-blume.de\/","title":{"rendered":""},"content":{"rendered":"\n<h6 class=\"wp-block-heading\">\u201eIn jedem Menschen liegt eine Kraft, die nur darauf wartet, erinnert zu werden.\u201c<\/h6>\n\n\n\n<h1 class=\"wp-block-heading has-text-align-center\">Herzlich willkommen bei der Therapie Blume! <\/h1>\n\n\n\n<h6 class=\"wp-block-heading\">Mein Name ist Susanne Eva Blume; ich bin Heilpraktikerin f\u00fcr Psychotherapie.<\/h6>\n\n\n\n<h6 class=\"wp-block-heading has-text-align-center\"><figure><img fetchpriority=\"high\" decoding=\"async\" class=\"wp-image-464 size-medium aligncenter\" src=\"https:\/\/therapie-blume.de\/wp-content\/uploads\/2025\/09\/IMG_7674-scaled-e1758373102491-201x300.jpg\" alt=\"\" width=\"201\" height=\"300\" srcset=\"https:\/\/therapie-blume.de\/wp-content\/uploads\/2025\/09\/IMG_7674-scaled-e1758373102491-201x300.jpg 201w, https:\/\/therapie-blume.de\/wp-content\/uploads\/2025\/09\/IMG_7674-scaled-e1758373102491-687x1024.jpg 687w, https:\/\/therapie-blume.de\/wp-content\/uploads\/2025\/09\/IMG_7674-scaled-e1758373102491-768x1144.jpg 768w, https:\/\/therapie-blume.de\/wp-content\/uploads\/2025\/09\/IMG_7674-scaled-e1758373102491-1031x1536.jpg 1031w, https:\/\/therapie-blume.de\/wp-content\/uploads\/2025\/09\/IMG_7674-scaled-e1758373102491-1375x2048.jpg 1375w, https:\/\/therapie-blume.de\/wp-content\/uploads\/2025\/09\/IMG_7674-scaled-e1758373102491.jpg 1638w\" sizes=\"(max-width: 201px) 100vw, 201px\" \/><\/figure><\/h6>\n\n\n\n<p>Manchmal geraten wir im Leben aus dem Gleichgewicht.<\/p>\n\n\n\n<p>&nbsp;<\/p>\n\n\n\n<p>Ich begleite Sie ganzheitlich, wertsch\u00e4tzend und mit menschlicher Zugewandtheit \u2013 ob in einer Lebenskrise, bei psychischen Belastungen oder der Suche nach innerer Klarheit und Selbstverbundenheit. Dabei verbinden wir in unserem Gespr\u00e4ch, wenn <strong>Sie es m\u00f6chten<\/strong>, psychotherapeutische Methoden mit kreativen Ausdrucksformen der <strong>Musik- oder Kunsttherapie<\/strong>. Denn oft wird \u00fcber das kreative Tun ein Zugang geschaffen, zu dem, was Worte vielleicht allein nicht erreichen k\u00f6nnen. Auch kann <strong>Hypnose<\/strong> f\u00fcr Sie eine M\u00f6glichkeit sein um wieder in einen guten Kontakt zu sich selbst zu kommen. In einem ersten Gespr\u00e4ch und Kennenlernen k\u00f6nnen Sie f\u00fcr sich herausfinden ob Sie zus\u00e4tzlich zu der Gespr\u00e4chstherapie neugierig auf weitere Methoden sind oder nicht.<\/p>\n\n\n\n<p>&nbsp;<\/p>\n\n\n\n<p>In der <strong>Einzeltherapie<\/strong> stehen Sie mit Ihren Anliegen, Bed\u00fcrfnissen und Lebensfragen im Mittelpunkt. Ich gestalte den therapeutischen Prozess individuell und achtsam \u2013 ganz auf Sie und Ihre pers\u00f6nliche Situation abgestimmt. Es ist mir eine Herzensangelegenheit, Sie auf Ihrem Weg begleiten zu d\u00fcrfen.<\/p>\n\n\n\n<p>&nbsp;<\/p>\n\n\n\n<p><strong>Psychotherapie<\/strong> (nach dem Heilpraktikergesetz) bietet Halt, Orientierung und neue Perspektiven.&nbsp; <strong>Hypnose in der Psychotherapie<\/strong> nutzt einen Zustand vertiefter Entspannung und fokussierter Aufmerksamkeit, um innere Prozesse besser zug\u00e4nglich zu machen. So k\u00f6nnen Ressourcen gest\u00e4rkt, belastende Muster bearbeitet und Ver\u00e4nderungen wirksam unterst\u00fctzt werden. <strong>Musik\u2011 und Kunsttherapie<\/strong> setzen strukturierte kreative Prozesse in Gang \u2013 \u00fcber Klang, Rhythmus, Farbe und Form \u2013, um emotionale Ausdrucksf\u00e4higkeit zu f\u00f6rdern, innere Erfahrungen sichtbar zu machen und psychische Entwicklungsprozesse therapeutisch zu unterst\u00fctzen.<\/p>\n\n\n\n<p>&nbsp;<\/p>\n\n\n\n<p>In <strong>Gruppenangeboten<\/strong> lade ich Sie ein, sich selbst auf achtsame und kreative Weise zu begegnen. Beim <strong>Heilsamen Singen<\/strong> erleben wir die verbindende Kraft einfacher Lieder, die Herz und Seele ber\u00fchren \u2013 ganz ohne Leistungsdruck, daf\u00fcr mit viel Freude und innerer St\u00e4rkung. In den <strong>Klangreisen<\/strong> d\u00fcrfen Sie sich von sanften Kl\u00e4ngen tragen lassen. Diese schaffen einen Raum der Ruhe, in dem tiefe Entspannung und inneres Erleben m\u00f6glich werden. Beide Angebote f\u00f6rdern Wohlbefinden, Selbstwahrnehmung, die R\u00fcckverbindung mit Ihrer inneren Quelle und sind Stressentlastend.<\/p>\n\n\n\n<p>&nbsp;<\/p>\n\n\n\n<h6 class=\"wp-block-heading\">Sie f\u00fchlen sich angesprochen?<\/h6>\n\n\n\n<h6 class=\"wp-block-heading\">Nehmen Sie gerne Kontakt mit mir auf: telefonisch unter 0173 66 909 88 oder senden Sie eine Mail an: s.e.blume@web.de<\/h6>\n\n\n\n<p>&nbsp;<\/p>\n\n\n\n<p><\/p>\n","protected":false},"excerpt":{"rendered":"<p>\u201eIn jedem Menschen liegt eine Kraft, die nur darauf wartet, erinnert zu werden.\u201c Herzlich willkommen bei der Therapie Blume! Mein [&hellip;]<\/p>\n","protected":false},"author":1,"featured_media":0,"parent":0,"menu_order":0,"comment_status":"closed","ping_status":"closed","template":"","meta":{"site-sidebar-layout":"default","site-content-layout":"","ast-site-content-layout":"default","site-content-style":"default","site-sidebar-style":"default","ast-global-header-display":"","ast-banner-title-visibility":"","ast-main-header-display":"","ast-hfb-above-header-display":"","ast-hfb-below-header-display":"","ast-hfb-mobile-header-display":"","site-post-title":"","ast-breadcrumbs-content":"","ast-featured-img":"","footer-sml-layout":"","ast-disable-related-posts":"","theme-transparent-header-meta":"","adv-header-id-meta":"","stick-header-meta":"","header-above-stick-meta":"","header-main-stick-meta":"","header-below-stick-meta":"","astra-migrate-meta-layouts":"default","ast-page-background-enabled":"default","ast-page-background-meta":{"desktop":{"background-color":"var(--ast-global-color-4)","background-image":"","background-repeat":"repeat","background-position":"center center","background-size":"auto","background-attachment":"scroll","background-type":"","background-media":"","overlay-type":"","overlay-color":"","overlay-opacity":"","overlay-gradient":""},"tablet":{"background-color":"","background-image":"","background-repeat":"repeat","background-position":"center center","background-size":"auto","background-attachment":"scroll","background-type":"","background-media":"","overlay-type":"","overlay-color":"","overlay-opacity":"","overlay-gradient":""},"mobile":{"background-color":"","background-image":"","background-repeat":"repeat","background-position":"center center","background-size":"auto","background-attachment":"scroll","background-type":"","background-media":"","overlay-type":"","overlay-color":"","overlay-opacity":"","overlay-gradient":""}},"ast-content-background-meta":{"desktop":{"background-color":"var(--ast-global-color-5)","background-image":"","background-repeat":"repeat","background-position":"center center","background-size":"auto","background-attachment":"scroll","background-type":"","background-media":"","overlay-type":"","overlay-color":"","overlay-opacity":"","overlay-gradient":""},"tablet":{"background-color":"var(--ast-global-color-5)","background-image":"","background-repeat":"repeat","background-position":"center center","background-size":"auto","background-attachment":"scroll","background-type":"","background-media":"","overlay-type":"","overlay-color":"","overlay-opacity":"","overlay-gradient":""},"mobile":{"background-color":"var(--ast-global-color-5)","background-image":"","background-repeat":"repeat","background-position":"center center","background-size":"auto","background-attachment":"scroll","background-type":"","background-media":"","overlay-type":"","overlay-color":"","overlay-opacity":"","overlay-gradient":""}},"footnotes":""},"class_list":["post-18","page","type-page","status-publish","hentry"],"_links":{"self":[{"href":"https:\/\/therapie-blume.de\/index.php?rest_route=\/wp\/v2\/pages\/18","targetHints":{"allow":["GET"]}}],"collection":[{"href":"https:\/\/therapie-blume.de\/index.php?rest_route=\/wp\/v2\/pages"}],"about":[{"href":"https:\/\/therapie-blume.de\/index.php?rest_route=\/wp\/v2\/types\/page"}],"author":[{"embeddable":true,"href":"https:\/\/therapie-blume.de\/index.php?rest_route=\/wp\/v2\/users\/1"}],"replies":[{"embeddable":true,"href":"https:\/\/therapie-blume.de\/index.php?rest_route=%2Fwp%2Fv2%2Fcomments&post=18"}],"version-history":[{"count":70,"href":"https:\/\/therapie-blume.de\/index.php?rest_route=\/wp\/v2\/pages\/18\/revisions"}],"predecessor-version":[{"id":699,"href":"https:\/\/therapie-blume.de\/index.php?rest_route=\/wp\/v2\/pages\/18\/revisions\/699"}],"wp:attachment":[{"href":"https:\/\/therapie-blume.de\/index.php?rest_route=%2Fwp%2Fv2%2Fmedia&parent=18"}],"curies":[{"name":"wp","href":"https:\/\/api.w.org\/{rel}","templated":true}]}}