{"id":149,"date":"2025-01-03T14:03:50","date_gmt":"2025-01-03T14:03:50","guid":{"rendered":"https:\/\/therapie-blume.de\/?page_id=149"},"modified":"2026-03-10T12:55:12","modified_gmt":"2026-03-10T12:55:12","slug":"mobile-ambulante-praxis","status":"publish","type":"page","link":"https:\/\/therapie-blume.de\/?page_id=149","title":{"rendered":"Mobile Ambulante Praxis"},"content":{"rendered":"\n<p>Was k\u00f6nnen Sie bei mir finden?<\/p>\n\n\n\n<p class=\"has-medium-font-size\"><strong><u>F\u00fcr Privatpersonen:<\/u><\/strong><\/p>\n\n\n\n<p><strong>Unterwegs:<\/strong><\/p>\n\n\n\n<p>Hausbesuche<\/p>\n\n\n\n<p>oder<\/p>\n\n\n\n<p>Besuche bei Ihnen in der Einrichtungen z.B. Wohnheim f\u00fcr Menschen mit psychischer Erkrankung, Senioreneinrichtungen, Wohnheim f\u00fcr Geistig-K\u00f6rperlich eingeschr\u00e4nkte Menschen (auch Musik- oder Kunsttherapeutische) Einzeltherapie m\u00f6glich.<\/p>\n\n\n\n<p><strong>Vorort derzeit im Kulturladen Medenbach:<\/strong><\/p>\n\n\n\n<p>Psychotherapeutische Gespr\u00e4che, Musik- oder Kunsttherapie, Coaching, Entspannung durch Klang, Hilfe bei Stress.<\/p>\n\n\n\n<p><strong>Terminvereinbarung:<\/strong><\/p>\n\n\n\n<p>Diese k\u00f6nnen Sie telefonisch (Mobil: 0173-66 909 88) oder per Mail (<a href=\"mailto:s.e.blume@web.de\">s.e.blume@web.de<\/a>) mit mir vereinbaren.<\/p>\n\n\n\n<p><strong>Heilsames Singen:<\/strong><\/p>\n\n\n\n<p>Offener Singkreis:<\/p>\n\n\n\n<p>Dienstags biete ich einen offenen Singkreis an, an dem Sie jederzeit (ohne Vorkenntnisse) und unregelm\u00e4\u00dfig teilnehmen k\u00f6nnen.<\/p>\n\n\n\n<p><strong>Nachsorgeangebot<\/strong> f\u00fcr ehemalige Patientinnen\/Patienten und f\u00fcr aktuelle Klientinnen\/Klienten des PVZ Dr. Jonkicz in der Linden Tagesklinik Frankfurt:<\/p>\n\n\n\n<p>Heilsames Singen in einer Gruppe &#8211; nach Buchung.<\/p>\n\n\n\n<p class=\"has-medium-font-size\"><strong><u>F\u00fcr Kliniken, Einrichtungen, Vereine, Unternehmen, Selbsthilfegruppen:<\/u><\/strong><\/p>\n\n\n\n<p>Heilsames Singen f\u00fcr Gruppen buchbar<\/p>\n\n\n\n<p>Musik- oder Kunsttherapeutische Gruppen- sowie Einzeltherapie buchbar<\/p>\n\n\n\n<p>Nehmen sie gerne mit mir Kontakt hierf\u00fcr auf. s.e.blume@web.de oder 0173 66 909 88<\/p>\n\n\n\n<p><\/p>\n","protected":false},"excerpt":{"rendered":"<p>Was k\u00f6nnen Sie bei mir finden? F\u00fcr Privatpersonen: Unterwegs: Hausbesuche oder Besuche bei Ihnen in der Einrichtungen z.B. Wohnheim f\u00fcr [&hellip;]<\/p>\n","protected":false},"author":2,"featured_media":0,"parent":0,"menu_order":0,"comment_status":"closed","ping_status":"closed","template":"","meta":{"site-sidebar-layout":"default","site-content-layout":"","ast-site-content-layout":"default","site-content-style":"default","site-sidebar-style":"default","ast-global-header-display":"","ast-banner-title-visibility":"","ast-main-header-display":"","ast-hfb-above-header-display":"","ast-hfb-below-header-display":"","ast-hfb-mobile-header-display":"","site-post-title":"","ast-breadcrumbs-content":"","ast-featured-img":"","footer-sml-layout":"","ast-disable-related-posts":"","theme-transparent-header-meta":"","adv-header-id-meta":"","stick-header-meta":"","header-above-stick-meta":"","header-main-stick-meta":"","header-below-stick-meta":"","astra-migrate-meta-layouts":"default","ast-page-background-enabled":"default","ast-page-background-meta":{"desktop":{"background-color":"var(--ast-global-color-4)","background-image":"","background-repeat":"repeat","background-position":"center center","background-size":"auto","background-attachment":"scroll","background-type":"","background-media":"","overlay-type":"","overlay-color":"","overlay-opacity":"","overlay-gradient":""},"tablet":{"background-color":"","background-image":"","background-repeat":"repeat","background-position":"center center","background-size":"auto","background-attachment":"scroll","background-type":"","background-media":"","overlay-type":"","overlay-color":"","overlay-opacity":"","overlay-gradient":""},"mobile":{"background-color":"","background-image":"","background-repeat":"repeat","background-position":"center center","background-size":"auto","background-attachment":"scroll","background-type":"","background-media":"","overlay-type":"","overlay-color":"","overlay-opacity":"","overlay-gradient":""}},"ast-content-background-meta":{"desktop":{"background-color":"var(--ast-global-color-5)","background-image":"","background-repeat":"repeat","background-position":"center center","background-size":"auto","background-attachment":"scroll","background-type":"","background-media":"","overlay-type":"","overlay-color":"","overlay-opacity":"","overlay-gradient":""},"tablet":{"background-color":"var(--ast-global-color-5)","background-image":"","background-repeat":"repeat","background-position":"center center","background-size":"auto","background-attachment":"scroll","background-type":"","background-media":"","overlay-type":"","overlay-color":"","overlay-opacity":"","overlay-gradient":""},"mobile":{"background-color":"var(--ast-global-color-5)","background-image":"","background-repeat":"repeat","background-position":"center center","background-size":"auto","background-attachment":"scroll","background-type":"","background-media":"","overlay-type":"","overlay-color":"","overlay-opacity":"","overlay-gradient":""}},"footnotes":""},"class_list":["post-149","page","type-page","status-publish","hentry"],"_links":{"self":[{"href":"https:\/\/therapie-blume.de\/index.php?rest_route=\/wp\/v2\/pages\/149","targetHints":{"allow":["GET"]}}],"collection":[{"href":"https:\/\/therapie-blume.de\/index.php?rest_route=\/wp\/v2\/pages"}],"about":[{"href":"https:\/\/therapie-blume.de\/index.php?rest_route=\/wp\/v2\/types\/page"}],"author":[{"embeddable":true,"href":"https:\/\/therapie-blume.de\/index.php?rest_route=\/wp\/v2\/users\/2"}],"replies":[{"embeddable":true,"href":"https:\/\/therapie-blume.de\/index.php?rest_route=%2Fwp%2Fv2%2Fcomments&post=149"}],"version-history":[{"count":6,"href":"https:\/\/therapie-blume.de\/index.php?rest_route=\/wp\/v2\/pages\/149\/revisions"}],"predecessor-version":[{"id":649,"href":"https:\/\/therapie-blume.de\/index.php?rest_route=\/wp\/v2\/pages\/149\/revisions\/649"}],"wp:attachment":[{"href":"https:\/\/therapie-blume.de\/index.php?rest_route=%2Fwp%2Fv2%2Fmedia&parent=149"}],"curies":[{"name":"wp","href":"https:\/\/api.w.org\/{rel}","templated":true}]}}