{"id":128,"date":"2025-01-03T13:50:15","date_gmt":"2025-01-03T13:50:15","guid":{"rendered":"https:\/\/therapie-blume.de\/?page_id=128"},"modified":"2025-09-24T13:55:34","modified_gmt":"2025-09-24T13:55:34","slug":"kunsttherapie","status":"publish","type":"page","link":"https:\/\/therapie-blume.de\/?page_id=128","title":{"rendered":"Kunsttherapie"},"content":{"rendered":"\n<p>Der K\u00fcnstler Joseph Beuys \u00e4u\u00dferte den Satz: \u201eJeder Mensch sei ein K\u00fcnstler\u201c. Dieser Satz liegt genau meiner Arbeitsweise zugrunde. Und so geht die Kunsttherapie ebenso davon aus, dass in jedem Menschen ein Grundbed\u00fcrfnis liegt sich gestalterisch auszudr\u00fccken. Hierbei geht es nicht darum, dass Sie ein \u00e4sthetisches Werk am Ende in der Hand haben, sondern um ein Werk, das Sie hat einen Weg gehen lassen &#8211; den kreativen Prozess.\u00a0<\/p>\n\n\n\n<p>Ihr erster Gedanke ist jetzt: ich kann ja gar nicht malen. Da sage ich als Kunsttherapeutin: \u201eJa prima, dann haben auch Sie alle Voraussetzungen um ganz instinktiv nach dem zu greifen, was Sie gerade brauchen ohne Wissen von au\u00dfen!\u201c\u00a0 Sie k\u00f6nnen einen Stift halten? Dann k\u00f6nnen Sie auch damit etwas gestalten, z.B. einen Punkt oder Strich.\u00a0<\/p>\n\n\n\n<p>Mit der Gestaltung eines Bildes oder eines anderen Werkes k\u00f6nnen Sie etwas von sich selbst zum Ausdruck bringen. Dieses Gestalten und Tun dient u.a. dazu, um dar\u00fcber gemeinsam in unserer Sitzung ins Gespr\u00e4ch zu kommen. Unbewusstes ist m\u00f6glich aufzutauchen oder wenn \u00fcber etwas nicht geredet werden kann oder keine Worte zu finden sind, ist dies eine andere M\u00f6glichkeit des Ausdrucks.\u00a0 <\/p>\n\n\n\n<figure class=\"wp-block-image size-full is-resized\"><img fetchpriority=\"high\" decoding=\"async\" width=\"362\" height=\"273\" src=\"https:\/\/therapie-blume.de\/wp-content\/uploads\/2025\/01\/image-6.png\" alt=\"\" class=\"wp-image-322\" style=\"width:402px;height:auto\" srcset=\"https:\/\/therapie-blume.de\/wp-content\/uploads\/2025\/01\/image-6.png 362w, https:\/\/therapie-blume.de\/wp-content\/uploads\/2025\/01\/image-6-300x226.png 300w\" sizes=\"(max-width: 362px) 100vw, 362px\" \/><\/figure>\n","protected":false},"excerpt":{"rendered":"<p>Der K\u00fcnstler Joseph Beuys \u00e4u\u00dferte den Satz: \u201eJeder Mensch sei ein K\u00fcnstler\u201c. Dieser Satz liegt genau meiner Arbeitsweise zugrunde. Und [&hellip;]<\/p>\n","protected":false},"author":2,"featured_media":0,"parent":0,"menu_order":0,"comment_status":"closed","ping_status":"closed","template":"","meta":{"site-sidebar-layout":"default","site-content-layout":"","ast-site-content-layout":"default","site-content-style":"default","site-sidebar-style":"default","ast-global-header-display":"","ast-banner-title-visibility":"","ast-main-header-display":"","ast-hfb-above-header-display":"","ast-hfb-below-header-display":"","ast-hfb-mobile-header-display":"","site-post-title":"","ast-breadcrumbs-content":"","ast-featured-img":"","footer-sml-layout":"","ast-disable-related-posts":"","theme-transparent-header-meta":"","adv-header-id-meta":"","stick-header-meta":"","header-above-stick-meta":"","header-main-stick-meta":"","header-below-stick-meta":"","astra-migrate-meta-layouts":"default","ast-page-background-enabled":"default","ast-page-background-meta":{"desktop":{"background-color":"var(--ast-global-color-4)","background-image":"","background-repeat":"repeat","background-position":"center center","background-size":"auto","background-attachment":"scroll","background-type":"","background-media":"","overlay-type":"","overlay-color":"","overlay-opacity":"","overlay-gradient":""},"tablet":{"background-color":"","background-image":"","background-repeat":"repeat","background-position":"center center","background-size":"auto","background-attachment":"scroll","background-type":"","background-media":"","overlay-type":"","overlay-color":"","overlay-opacity":"","overlay-gradient":""},"mobile":{"background-color":"","background-image":"","background-repeat":"repeat","background-position":"center center","background-size":"auto","background-attachment":"scroll","background-type":"","background-media":"","overlay-type":"","overlay-color":"","overlay-opacity":"","overlay-gradient":""}},"ast-content-background-meta":{"desktop":{"background-color":"var(--ast-global-color-5)","background-image":"","background-repeat":"repeat","background-position":"center center","background-size":"auto","background-attachment":"scroll","background-type":"","background-media":"","overlay-type":"","overlay-color":"","overlay-opacity":"","overlay-gradient":""},"tablet":{"background-color":"var(--ast-global-color-5)","background-image":"","background-repeat":"repeat","background-position":"center center","background-size":"auto","background-attachment":"scroll","background-type":"","background-media":"","overlay-type":"","overlay-color":"","overlay-opacity":"","overlay-gradient":""},"mobile":{"background-color":"var(--ast-global-color-5)","background-image":"","background-repeat":"repeat","background-position":"center center","background-size":"auto","background-attachment":"scroll","background-type":"","background-media":"","overlay-type":"","overlay-color":"","overlay-opacity":"","overlay-gradient":""}},"footnotes":""},"class_list":["post-128","page","type-page","status-publish","hentry"],"_links":{"self":[{"href":"https:\/\/therapie-blume.de\/index.php?rest_route=\/wp\/v2\/pages\/128","targetHints":{"allow":["GET"]}}],"collection":[{"href":"https:\/\/therapie-blume.de\/index.php?rest_route=\/wp\/v2\/pages"}],"about":[{"href":"https:\/\/therapie-blume.de\/index.php?rest_route=\/wp\/v2\/types\/page"}],"author":[{"embeddable":true,"href":"https:\/\/therapie-blume.de\/index.php?rest_route=\/wp\/v2\/users\/2"}],"replies":[{"embeddable":true,"href":"https:\/\/therapie-blume.de\/index.php?rest_route=%2Fwp%2Fv2%2Fcomments&post=128"}],"version-history":[{"count":4,"href":"https:\/\/therapie-blume.de\/index.php?rest_route=\/wp\/v2\/pages\/128\/revisions"}],"predecessor-version":[{"id":530,"href":"https:\/\/therapie-blume.de\/index.php?rest_route=\/wp\/v2\/pages\/128\/revisions\/530"}],"wp:attachment":[{"href":"https:\/\/therapie-blume.de\/index.php?rest_route=%2Fwp%2Fv2%2Fmedia&parent=128"}],"curies":[{"name":"wp","href":"https:\/\/api.w.org\/{rel}","templated":true}]}}