{"id":126,"date":"2025-01-03T13:50:03","date_gmt":"2025-01-03T13:50:03","guid":{"rendered":"https:\/\/therapie-blume.de\/?page_id=126"},"modified":"2026-03-10T12:07:25","modified_gmt":"2026-03-10T12:07:25","slug":"musiktherapie","status":"publish","type":"page","link":"https:\/\/therapie-blume.de\/?page_id=126","title":{"rendered":"Musiktherapie"},"content":{"rendered":"\n<p>\u201eIch bin unmusikalisch oder ich kann ja gar kein Instrument spielen\u201c ist einer der h\u00e4ufigsten S\u00e4tze, der mir im Praxisalltag gegen\u00fcber ausgesprochen wird. Dabei wird h\u00e4ufig schon vergessen, dass alleine Ihre Stimme schon das erste Instrument ist, das Sie \u201espielen\u201c. Auch das ist Klang und zwar IHR ganz eigener individueller Klang.\u00a0F\u00fcr Musiktherapie brauchen Sie keinerlei musikalisches Vorwissen.<\/p>\n\n\n\n<p class=\"has-vivid-green-cyan-color has-text-color has-link-color wp-elements-67fa1b126469736c4023561c58655402\"><em>&#8222;Die Musik dr\u00fcckt das aus, was nicht gesagt werden kann und wor\u00fcber zu schweigen unm\u00f6glich ist.&#8220; Victor Hugo<\/em><\/p>\n\n\n\n<p>Es gibt Momente wo es keine passenden Worte gibt um die inneren Gef\u00fchle zum Ausdruck zu bringen, und Sie haben das Gef\u00fchl diese stecken irgendwo in Ihnen fest\u2026(z.B. enges Brustgef\u00fchl oder ein Klo\u00df im Hals). Zum Beispiel sp\u00fcren Sie immer wieder eine Wut in sich, aber k\u00f6nnen und d\u00fcrfen diese nicht zum Ausdruck bringen? Sie w\u00fcrden gerne mal so richtig auf die Pauke hauen? Oder Sie sind sehr traurig und alleine dies zu sagen reicht nicht. So k\u00f6nnen wir gemeinsam einen&nbsp;Klang daf\u00fcr finden, der Ihnen ein Gef\u00fchl von Erweiterung des (Un-) Gesagten geben kann und im Au\u00dfen zum Verst\u00e4ndnis und zur Erleichterung f\u00fchren kann.&nbsp;<\/p>\n\n\n\n<p>Es gibt auch eine rezeptive Form der Musiktherapie, wo gemeinsam Musik geh\u00f6rt wird. Die geh\u00f6rte Musik kann z.B. an Erinnerungen ankn\u00fcpfen oder diese hervorrufen. <\/p>\n\n\n\n<p>Ihre Kl\u00e4nge oder Musik sind das Vehikel in unserer gemeinsamen Sitzung um in ein reflektierendes Gespr\u00e4ch zu kommen.&nbsp;<\/p>\n\n\n\n<figure class=\"wp-block-image size-full is-resized\"><img decoding=\"async\" width=\"187\" height=\"249\" src=\"https:\/\/therapie-blume.de\/wp-content\/uploads\/2025\/01\/image-7.png\" alt=\"\" class=\"wp-image-327\" style=\"width:264px;height:auto\"\/><\/figure>\n\n\n\n<p><\/p>\n","protected":false},"excerpt":{"rendered":"<p>\u201eIch bin unmusikalisch oder ich kann ja gar kein Instrument spielen\u201c ist einer der h\u00e4ufigsten S\u00e4tze, der mir im Praxisalltag [&hellip;]<\/p>\n","protected":false},"author":2,"featured_media":0,"parent":0,"menu_order":0,"comment_status":"closed","ping_status":"closed","template":"","meta":{"site-sidebar-layout":"default","site-content-layout":"","ast-site-content-layout":"default","site-content-style":"default","site-sidebar-style":"default","ast-global-header-display":"","ast-banner-title-visibility":"","ast-main-header-display":"","ast-hfb-above-header-display":"","ast-hfb-below-header-display":"","ast-hfb-mobile-header-display":"","site-post-title":"","ast-breadcrumbs-content":"","ast-featured-img":"","footer-sml-layout":"","ast-disable-related-posts":"","theme-transparent-header-meta":"","adv-header-id-meta":"","stick-header-meta":"","header-above-stick-meta":"","header-main-stick-meta":"","header-below-stick-meta":"","astra-migrate-meta-layouts":"default","ast-page-background-enabled":"default","ast-page-background-meta":{"desktop":{"background-color":"var(--ast-global-color-4)","background-image":"","background-repeat":"repeat","background-position":"center center","background-size":"auto","background-attachment":"scroll","background-type":"","background-media":"","overlay-type":"","overlay-color":"","overlay-opacity":"","overlay-gradient":""},"tablet":{"background-color":"","background-image":"","background-repeat":"repeat","background-position":"center center","background-size":"auto","background-attachment":"scroll","background-type":"","background-media":"","overlay-type":"","overlay-color":"","overlay-opacity":"","overlay-gradient":""},"mobile":{"background-color":"","background-image":"","background-repeat":"repeat","background-position":"center center","background-size":"auto","background-attachment":"scroll","background-type":"","background-media":"","overlay-type":"","overlay-color":"","overlay-opacity":"","overlay-gradient":""}},"ast-content-background-meta":{"desktop":{"background-color":"var(--ast-global-color-5)","background-image":"","background-repeat":"repeat","background-position":"center center","background-size":"auto","background-attachment":"scroll","background-type":"","background-media":"","overlay-type":"","overlay-color":"","overlay-opacity":"","overlay-gradient":""},"tablet":{"background-color":"var(--ast-global-color-5)","background-image":"","background-repeat":"repeat","background-position":"center center","background-size":"auto","background-attachment":"scroll","background-type":"","background-media":"","overlay-type":"","overlay-color":"","overlay-opacity":"","overlay-gradient":""},"mobile":{"background-color":"var(--ast-global-color-5)","background-image":"","background-repeat":"repeat","background-position":"center center","background-size":"auto","background-attachment":"scroll","background-type":"","background-media":"","overlay-type":"","overlay-color":"","overlay-opacity":"","overlay-gradient":""}},"footnotes":""},"class_list":["post-126","page","type-page","status-publish","hentry"],"_links":{"self":[{"href":"https:\/\/therapie-blume.de\/index.php?rest_route=\/wp\/v2\/pages\/126","targetHints":{"allow":["GET"]}}],"collection":[{"href":"https:\/\/therapie-blume.de\/index.php?rest_route=\/wp\/v2\/pages"}],"about":[{"href":"https:\/\/therapie-blume.de\/index.php?rest_route=\/wp\/v2\/types\/page"}],"author":[{"embeddable":true,"href":"https:\/\/therapie-blume.de\/index.php?rest_route=\/wp\/v2\/users\/2"}],"replies":[{"embeddable":true,"href":"https:\/\/therapie-blume.de\/index.php?rest_route=%2Fwp%2Fv2%2Fcomments&post=126"}],"version-history":[{"count":5,"href":"https:\/\/therapie-blume.de\/index.php?rest_route=\/wp\/v2\/pages\/126\/revisions"}],"predecessor-version":[{"id":636,"href":"https:\/\/therapie-blume.de\/index.php?rest_route=\/wp\/v2\/pages\/126\/revisions\/636"}],"wp:attachment":[{"href":"https:\/\/therapie-blume.de\/index.php?rest_route=%2Fwp%2Fv2%2Fmedia&parent=126"}],"curies":[{"name":"wp","href":"https:\/\/api.w.org\/{rel}","templated":true}]}}