{"id":124,"date":"2025-01-03T13:49:44","date_gmt":"2025-01-03T13:49:44","guid":{"rendered":"https:\/\/therapie-blume.de\/?page_id=124"},"modified":"2026-03-10T12:36:42","modified_gmt":"2026-03-10T12:36:42","slug":"psychotherapie-heilprg","status":"publish","type":"page","link":"https:\/\/therapie-blume.de\/?page_id=124","title":{"rendered":"Psychotherapie (HeilPrG)"},"content":{"rendered":"\n<p>ist ein wertvolles Werkzeug, um Menschen auf ihrem Weg zu emotionalem und psychischem Wohlbefinden zu unterst\u00fctzen. Sie ist die wissenschaftlich fundierte, nicht -medikament\u00f6se Behandlung der menschlichen Seele zur m\u00f6glichen Linderung psychischer Probleme, Erkrankungen (z.B. Depressionen, \u00c4ngste) und Leidenszust\u00e4nden.  Die Behandlung unterst\u00fctzt Blockaden zu l\u00f6sen, neue Perspektiven zu gewinnen und erfordert Ihre aktive Mitarbeit. Als Heilpraktikerin f\u00fcr Psychotherapie biete ich eine einf\u00fchlsame und individuelle Begleitung an, die auf die spezifischen Bed\u00fcrfnisse und Ziele meiner Klienten abgestimmt ist.<\/p>\n\n\n\n<p><\/p>\n\n\n\n<p>Ich bin nicht an EIN anerkanntes Verfahren gebunden. Dadurch k\u00f6nnen wir ganz individuell das Verfahren jeweils anpassen, was gerade gebraucht wird. Bei mir stehen aufgrund meiner Ausbildungen verschiedene M\u00f6glichkeiten der Therapiebegleitung zur Verf\u00fcgung. Diese folgen gleichberechtigt ganzheitlich-humanistischen, verhaltenstherapeutischen, systemischen und tiefenpsychologischen Ans\u00e4tzen.&nbsp;                                                                                                                                          Gerne nehme ich Ans\u00e4tze von dem amerikanischem Psychologen und Psychotherapeuten Carl Rogers und seiner hervorgebrachten Klientenzentrierten Gespr\u00e4chstherapie in die Sitzung mit ein. Diese sind grob umrahmt gefasst: Jeder Mensch ist Einzigartig, tr\u00e4gt das Potential des Wachstums bzw. der Entwicklung\/Entfaltung in sich. Er ist eine Einheit von K\u00f6rper, Geist und Seele und ist mehr als die Summe seiner Einzelteile; Menschen sind Beziehungswesen. Seine Therapie steht auf drei S\u00e4ulen:&nbsp; &nbsp; &nbsp; &nbsp; &nbsp;         1. Bedingungslose Akzeptanz und Wertsch\u00e4tzung des Klienten, 2. Empathie und 3. Ehrlichkeit (Kongruenz) des Therapeuten. So kann sich eine vertrauensvolle therapeutische Beziehung entwickeln und aufbauen, denn Sie sind willkommen, so wie Sie sind.<\/p>\n\n\n\n<p><\/p>\n\n\n\n<p>Leider wird in Deutschland die Leistung des Heilpraktikers i.d.R. nicht von den Krankenkassen \u00fcbernommen, so dass Sie die Kosten selber tragen m\u00fcssen.&nbsp;<\/p>\n\n\n\n<p>Vorteile hierbei k\u00f6nnen f\u00fcr Sie sein:&nbsp;<\/p>\n\n\n\n<p>-eine eventuelle Diagnose wird nicht aktenkundig bei der Krankenkasse<\/p>\n\n\n\n<p>-Wartezeit auf einen Therapieplatz kann deutlich k\u00fcrzer sein<\/p>\n\n\n\n<p>-M\u00f6glichkeit der \u00dcberbr\u00fcckung bis zu einem Krankenkassen-Therapieplatz<\/p>\n\n\n\n<p>-verschiedene Methodiken sind in einer Therapiezeit anwendbar bzw. k\u00f6nnen ineinander \u00fcbergreifen<\/p>\n\n\n\n<p><\/p>\n\n\n\n<p class=\"has-medium-font-size\"><strong>EMDR (Eye Movement Desensitization Reprocessing)<\/strong><\/p>\n\n\n\n<p>Dieses von Dr. Francine Shapira entdeckte und entwickelte (wissenschaftlich anerkannte) Verfahren setzt die nat\u00fcrliche F\u00e4higkeit des Gehirns in Gang belastende Ereignisse neu zu verarbeiten und ihre emotionale Belastung zu reduzieren. Die Behandlung ist sanft und Sie haben die Kontrolle.&nbsp;<\/p>\n\n\n\n<p>EMDR wird nicht nur zur Behandlung von traumatischen Ereignissen eingesetzt, sondern auch bei \u00c4ngsten, innerer Unruhe, blockierenden Glaubenss\u00e4tzen oder Selbstzweifeln. Dieses Therapieverfahren kann eine wertvolle Unterst\u00fctzung sein, um emotionalen Ballast abzuwerfen und um innere St\u00e4rke zu gewinnen.<\/p>\n\n\n\n<p>Die EMDR -Sitzung folgt einem strukturiertem Ablauf und verschiedenen Phasen. Diese beinhalten Erfassung der Vorgeschichte und Erstellung eines individuellen Behandlungsplans, Aufkl\u00e4rung der Methodik und erlernen von Stabilisierungstechniken. Erst dann kann bilaterale Stimulation eingesetzt werden. Sie denken in der Sitzung an eine belastende Situation und folgen gleichzeitig mit ihren Augen den ruhigen sanften Bewegungen der Hand der Therapeutin oder einem anderen bilateralen Reiz. Dadurch werden festgefahrene Gedanken und Gef\u00fchle neu geordnet und die ver\u00e4nderte Wahrnehmung wird dauerhaft abgespeichert. Nach Verkn\u00fcpfung\/Verankerung von positiven Gedanken und Emotionen wird durch Sie \u00fcberpr\u00fcft, ob noch k\u00f6rperliche Spannungen vorhanden sind, bevor es dann in der Sitzung zum Abschluss durch reflektieren und besprechen und evtl. Anwendung von Stabilisierungstechniken im Alltag kommt. In weiteren Sitzungen wird \u00fcberpr\u00fcft, ob die Erinnerung weiterhin belastend ist oder sich ver\u00e4ndert hat.<\/p>\n\n\n\n<p><\/p>\n","protected":false},"excerpt":{"rendered":"<p>ist ein wertvolles Werkzeug, um Menschen auf ihrem Weg zu emotionalem und psychischem Wohlbefinden zu unterst\u00fctzen. Sie ist die wissenschaftlich [&hellip;]<\/p>\n","protected":false},"author":2,"featured_media":0,"parent":0,"menu_order":0,"comment_status":"closed","ping_status":"closed","template":"","meta":{"site-sidebar-layout":"default","site-content-layout":"","ast-site-content-layout":"default","site-content-style":"default","site-sidebar-style":"default","ast-global-header-display":"","ast-banner-title-visibility":"","ast-main-header-display":"","ast-hfb-above-header-display":"","ast-hfb-below-header-display":"","ast-hfb-mobile-header-display":"","site-post-title":"","ast-breadcrumbs-content":"","ast-featured-img":"","footer-sml-layout":"","ast-disable-related-posts":"","theme-transparent-header-meta":"","adv-header-id-meta":"","stick-header-meta":"","header-above-stick-meta":"","header-main-stick-meta":"","header-below-stick-meta":"","astra-migrate-meta-layouts":"default","ast-page-background-enabled":"default","ast-page-background-meta":{"desktop":{"background-color":"var(--ast-global-color-4)","background-image":"","background-repeat":"repeat","background-position":"center center","background-size":"auto","background-attachment":"scroll","background-type":"","background-media":"","overlay-type":"","overlay-color":"","overlay-opacity":"","overlay-gradient":""},"tablet":{"background-color":"","background-image":"","background-repeat":"repeat","background-position":"center center","background-size":"auto","background-attachment":"scroll","background-type":"","background-media":"","overlay-type":"","overlay-color":"","overlay-opacity":"","overlay-gradient":""},"mobile":{"background-color":"","background-image":"","background-repeat":"repeat","background-position":"center center","background-size":"auto","background-attachment":"scroll","background-type":"","background-media":"","overlay-type":"","overlay-color":"","overlay-opacity":"","overlay-gradient":""}},"ast-content-background-meta":{"desktop":{"background-color":"var(--ast-global-color-5)","background-image":"","background-repeat":"repeat","background-position":"center center","background-size":"auto","background-attachment":"scroll","background-type":"","background-media":"","overlay-type":"","overlay-color":"","overlay-opacity":"","overlay-gradient":""},"tablet":{"background-color":"var(--ast-global-color-5)","background-image":"","background-repeat":"repeat","background-position":"center center","background-size":"auto","background-attachment":"scroll","background-type":"","background-media":"","overlay-type":"","overlay-color":"","overlay-opacity":"","overlay-gradient":""},"mobile":{"background-color":"var(--ast-global-color-5)","background-image":"","background-repeat":"repeat","background-position":"center center","background-size":"auto","background-attachment":"scroll","background-type":"","background-media":"","overlay-type":"","overlay-color":"","overlay-opacity":"","overlay-gradient":""}},"footnotes":""},"class_list":["post-124","page","type-page","status-publish","hentry"],"_links":{"self":[{"href":"https:\/\/therapie-blume.de\/index.php?rest_route=\/wp\/v2\/pages\/124","targetHints":{"allow":["GET"]}}],"collection":[{"href":"https:\/\/therapie-blume.de\/index.php?rest_route=\/wp\/v2\/pages"}],"about":[{"href":"https:\/\/therapie-blume.de\/index.php?rest_route=\/wp\/v2\/types\/page"}],"author":[{"embeddable":true,"href":"https:\/\/therapie-blume.de\/index.php?rest_route=\/wp\/v2\/users\/2"}],"replies":[{"embeddable":true,"href":"https:\/\/therapie-blume.de\/index.php?rest_route=%2Fwp%2Fv2%2Fcomments&post=124"}],"version-history":[{"count":10,"href":"https:\/\/therapie-blume.de\/index.php?rest_route=\/wp\/v2\/pages\/124\/revisions"}],"predecessor-version":[{"id":640,"href":"https:\/\/therapie-blume.de\/index.php?rest_route=\/wp\/v2\/pages\/124\/revisions\/640"}],"wp:attachment":[{"href":"https:\/\/therapie-blume.de\/index.php?rest_route=%2Fwp%2Fv2%2Fmedia&parent=124"}],"curies":[{"name":"wp","href":"https:\/\/api.w.org\/{rel}","templated":true}]}}