{"id":114,"date":"2025-01-03T13:37:36","date_gmt":"2025-01-03T13:37:36","guid":{"rendered":"https:\/\/therapie-blume.de\/?page_id=114"},"modified":"2026-04-08T13:54:59","modified_gmt":"2026-04-08T13:54:59","slug":"aktuelles","status":"publish","type":"page","link":"https:\/\/therapie-blume.de\/?page_id=114","title":{"rendered":"Aktuelles"},"content":{"rendered":"<p style=\"color: #37cf2d; background-color: #eaf823;\">Heilsames Singen mit Circle Songs und Kraftliedern zweimal im Monat Dienstags von 18.30 -19.45 Uhr im Kulturladen Medenbach. Bitte f\u00fcr Anmeldung direkt hier klicken:<\/p>\n<!-- \/wp:post-content --><!-- wp:paragraph {\"style\":{\"elements\":{\"link\":{\"color\":{\"text\":\"#37cf2d\"}}},\"color\":{\"text\":\"#37cf2d\",\"background\":\"#eaf823\"}},\"fontSize\":\"large\"} -->\n<p style=\"color: #37cf2d; background-color: #eaf823;\"><a href=\"https:\/\/kulturladen-medenbach.de\/events\/circle-songs-kraftlieder-singkreis\/\">https:\/\/kulturladen-medenbach.de\/events\/circle-songs-kraftlieder-singkreis\/<\/a><\/p>\n<!-- \/wp:paragraph --><!-- wp:paragraph -->\n\n<strong>Niemand muss vorsingen und niemand wird gefragt, warum er da ist. Wer nur zuh\u00f6ren oder leise mitsummen mag, ist genauso willkommen wie diejenigen, die laut singen wollen.\u00a0Melden Sie sich gerne. <\/strong>\n\n<!-- \/wp:paragraph --><!-- wp:paragraph -->\n<h3><span style=\"color: #0000ff;\">Mit folgenden Optionen nimm gerne teil:<\/span><\/h3>\n<h3><span style=\"color: #0000ff;\">Schnuppertermin 8\u20ac\u00a0 \u00a0 \u00a0 \u00a0 \u00a0 \u00a0 \u00a0 \u00a0 \u00a0 \u00a0 \u00a0 \u00a0 \u00a0 \u00a0 \u00a0 \u00a0 \u00a0 \u00a0 \u00a0 \u00a0 \u00a0 \u00a0 \u00a0 \u00a0 \u00a0 \u00a0 \u00a0 \u00a0 \u00a0 \u00a0 \u00a0 \u00a0 \u00a0 \u00a0 \u00a0\u00a0<\/span><\/h3>\n<h3><span style=\"color: #0000ff;\">unverbindl. Einzelteilnahme 15 \u20ac\u00a0 \u00a0 \u00a0 \u00a0 \u00a0 \u00a0 \u00a0 \u00a0 \u00a0 \u00a0 \u00a0 \u00a0 \u00a0 \u00a0 \u00a0 \u00a0 \u00a0 \u00a0 \u00a0 \u00a0 \u00a0 \u00a0 \u00a0 \u00a0 \u00a0<\/span><\/h3>\n<h3><span style=\"color: #0000ff;\">5er Karte 60 \u20ac (abrufbar in Folge; ein Ersatztermin m\u00f6glich)<\/span><\/h3>\n<!-- \/wp:paragraph --><!-- wp:paragraph {\"style\":{\"elements\":{\"link\":{\"color\":{\"text\":\"var:preset|color|ast-global-color-0\"}}}},\"textColor\":\"ast-global-color-0\",\"gradient\":\"pale-ocean\",\"fontSize\":\"large\"} -->\n\nDer Eppsteiner Sing<img decoding=\"async\" class=\"\" role=\"img\" draggable=\"false\" src=\"https:\/\/s.w.org\/images\/core\/emoji\/17.0.2\/svg\/1f300.svg\" alt=\"\ud83c\udf00\" width=\"23\" height=\"23\" \/>Kreis f\u00fcr Heilsames Singen findet ab jetzt 2x im Monat Dienstags im Kulturladen-Medenbach statt. Weitere Fragen gerne unter s.e.blume@web.de per Mail oder Nachricht an Mobilnummer 0173 66 909 88\n\n<!-- \/wp:paragraph --><!-- wp:paragraph -->\n<h3><span style=\"color: #00ff00;\">Weitere Termine 2. Quartal f\u00fcr den Sing<img decoding=\"async\" class=\"\" role=\"img\" draggable=\"false\" src=\"https:\/\/s.w.org\/images\/core\/emoji\/17.0.2\/svg\/1f300.svg\" alt=\"\ud83c\udf00\" width=\"18\" height=\"18\" \/>Kreis sind:<\/span><\/h3>\n<h3><span style=\"color: #00ff00;\">28. April 18.30 -19.45 Uhr\u00a0 \u00a0 \u00a0 \u00a0 \u00a0 \u00a0 \u00a0 \u00a0 \u00a0 \u00a0 \u00a0 \u00a0 \u00a0 \u00a0 \u00a0 \u00a0 \u00a0 \u00a0 \u00a0 \u00a0 \u00a0 \u00a0 \u00a0 \u00a0 \u00a0 \u00a0 \u00a0<\/span><\/h3>\n<h3><span style=\"color: #00ff00;\">12. &amp; 26. Mai 18.30 &#8211; 19.45 Uhr\u00a0 \u00a0 \u00a0 \u00a0 \u00a0 \u00a0 \u00a0 \u00a0 \u00a0 \u00a0 \u00a0 \u00a0 \u00a0 \u00a0 \u00a0 \u00a0 \u00a0 \u00a0 \u00a0 \u00a0 \u00a0 \u00a0 \u00a0 \u00a0 \u00a0\u00a0<\/span><\/h3>\n<h3><span style=\"color: #00ff00;\">02. Juni 19.00 &#8211; 20.15 Uhr\u00a0 \u00a0 \u00a0 \u00a0 \u00a0 \u00a0 \u00a0 \u00a0 \u00a0 \u00a0 \u00a0 \u00a0 \u00a0 \u00a0 \u00a0 \u00a0 \u00a0 \u00a0 \u00a0 \u00a0 \u00a0 \u00a0 \u00a0 \u00a0 \u00a0 \u00a0 \u00a0 \u00a0 \u00a0 \u00a0\u00a0<\/span><\/h3>\n<h3><span style=\"color: #00ff00;\">30. Juni 18.30 &#8211; 19.45 Uhr<\/span><\/h3>\n<!-- \/wp:paragraph --><!-- wp:image {\"id\":555,\"sizeSlug\":\"full\",\"linkDestination\":\"none\"} -->\n<figure><img decoding=\"async\" src=\"https:\/\/therapie-blume.de\/wp-content\/uploads\/2025\/11\/SingKreis-Kulturladen-Medenbach-11.11.2025.jpg\" alt=\"\" \/>\n<figcaption>Singen im Kulturladen Medenbach, Hockenbergstra\u00dfe 21, 65207 Wiesbaden (Medenbach)<\/figcaption><\/figure>\n<!-- \/wp:image --><!-- wp:paragraph {\"style\":{\"elements\":{\"link\":{\"color\":{\"text\":\"var:preset|color|vivid-cyan-blue\"}}},\"color\":{\"gradient\":\"linear-gradient(135deg,rgb(255,245,203) 0%,rgb(182,227,212) 90%,rgb(51,167,181) 100%)\"}},\"textColor\":\"vivid-cyan-blue\",\"fontSize\":\"medium\"} -->\n<p style=\"background: linear-gradient(135deg,#fff5cb 0%,#b6e3d4 90%,#33a7b5 100%);\">Jetzt auch ausstellen von Gutscheinen m\u00f6glich: <strong>Verschenke oder w\u00fcnsche Dir Zeit f\u00fcr Seele und Stimme<\/strong>: Ob Sing<img decoding=\"async\" class=\"\" role=\"img\" draggable=\"false\" src=\"https:\/\/s.w.org\/images\/core\/emoji\/17.0.2\/svg\/1f300.svg\" alt=\"\ud83c\udf00\" width=\"30\" height=\"30\" \/>Kreis, Klangreise oder eine pers\u00f6nliche Einzelsitzung in meiner Praxis \u2013 dieser Gutschein l\u00e4dt dazu ein, sich selbst oder anderen eine wohltuende Auszeit zu schenken.<\/p>\n<!-- \/wp:paragraph --><!-- wp:paragraph {\"style\":{\"elements\":{\"link\":{\"color\":{\"text\":\"#37cf2d\"}}},\"color\":{\"text\":\"#37cf2d\",\"background\":\"#eaf823\"}},\"fontSize\":\"large\"} -->\n<p style=\"color: #37cf2d; background-color: #eaf823;\">Regelm\u00e4\u00dfige Updates finden Sie hier auf der Seite.<\/p>\n<!-- \/wp:paragraph --><!-- wp:paragraph -->\n\n<strong>Derzeit sind Klangreisen nur direkt buchbar.<\/strong>\n\n<!-- \/wp:paragraph --><!-- wp:pdfemb\/pdf-embedder-viewer {\"pdfID\":604,\"url\":\"https:\/\/therapie-blume.de\/wp-content\/uploads\/2026\/02\/Klangreise-Februar-Einladung-Flyer.pdf\"} \/--><!-- wp:paragraph -->\n\n<!-- \/wp:paragraph -->\n\n<!-- wp:file {\"id\":685,\"href\":\"https:\/\/therapie-blume.de\/wp-content\/uploads\/2026\/03\/Klangreise-individuell-Einladung-Flyer-1.pdf\",\"displayPreview\":true} -->\n<div class=\"wp-block-file\"><object class=\"wp-block-file__embed\" style=\"width: 100%; height: 600px;\" data=\"https:\/\/therapie-blume.de\/wp-content\/uploads\/2026\/03\/Klangreise-individuell-Einladung-Flyer-1.pdf\" type=\"application\/pdf\" width=\"300\" height=\"150\" aria-label=\"Klangreise individuell Einladung Flyer\"><\/object><a id=\"wp-block-file--media-f2b1c569-95ed-4ac3-8fc1-58178916d61a\" href=\"https:\/\/therapie-blume.de\/wp-content\/uploads\/2026\/03\/Klangreise-individuell-Einladung-Flyer-1.pdf\">Klangreise individuell Einladung Flyer<\/a><a class=\"wp-block-file__button wp-element-button\" href=\"https:\/\/therapie-blume.de\/wp-content\/uploads\/2026\/03\/Klangreise-individuell-Einladung-Flyer-1.pdf\" download=\"\" aria-describedby=\"wp-block-file--media-f2b1c569-95ed-4ac3-8fc1-58178916d61a\">Herunterladen<\/a><\/div>\n<!-- \/wp:file -->\n\n<!-- wp:paragraph -->\n\n<!-- \/wp:paragraph -->","protected":false},"excerpt":{"rendered":"<p>Heilsames Singen mit Circle Songs und Kraftliedern zweimal im Monat Dienstags von 18.30 -19.45 Uhr im Kulturladen Medenbach. Bitte f\u00fcr [&hellip;]<\/p>\n","protected":false},"author":2,"featured_media":0,"parent":0,"menu_order":0,"comment_status":"closed","ping_status":"closed","template":"","meta":{"site-sidebar-layout":"default","site-content-layout":"","ast-site-content-layout":"default","site-content-style":"default","site-sidebar-style":"default","ast-global-header-display":"","ast-banner-title-visibility":"","ast-main-header-display":"","ast-hfb-above-header-display":"","ast-hfb-below-header-display":"","ast-hfb-mobile-header-display":"","site-post-title":"","ast-breadcrumbs-content":"","ast-featured-img":"","footer-sml-layout":"","ast-disable-related-posts":"","theme-transparent-header-meta":"","adv-header-id-meta":"","stick-header-meta":"","header-above-stick-meta":"","header-main-stick-meta":"","header-below-stick-meta":"","astra-migrate-meta-layouts":"default","ast-page-background-enabled":"default","ast-page-background-meta":{"desktop":{"background-color":"var(--ast-global-color-4)","background-image":"","background-repeat":"repeat","background-position":"center center","background-size":"auto","background-attachment":"scroll","background-type":"","background-media":"","overlay-type":"","overlay-color":"","overlay-opacity":"","overlay-gradient":""},"tablet":{"background-color":"","background-image":"","background-repeat":"repeat","background-position":"center center","background-size":"auto","background-attachment":"scroll","background-type":"","background-media":"","overlay-type":"","overlay-color":"","overlay-opacity":"","overlay-gradient":""},"mobile":{"background-color":"","background-image":"","background-repeat":"repeat","background-position":"center center","background-size":"auto","background-attachment":"scroll","background-type":"","background-media":"","overlay-type":"","overlay-color":"","overlay-opacity":"","overlay-gradient":""}},"ast-content-background-meta":{"desktop":{"background-color":"var(--ast-global-color-5)","background-image":"","background-repeat":"repeat","background-position":"center center","background-size":"auto","background-attachment":"scroll","background-type":"","background-media":"","overlay-type":"","overlay-color":"","overlay-opacity":"","overlay-gradient":""},"tablet":{"background-color":"var(--ast-global-color-5)","background-image":"","background-repeat":"repeat","background-position":"center center","background-size":"auto","background-attachment":"scroll","background-type":"","background-media":"","overlay-type":"","overlay-color":"","overlay-opacity":"","overlay-gradient":""},"mobile":{"background-color":"var(--ast-global-color-5)","background-image":"","background-repeat":"repeat","background-position":"center center","background-size":"auto","background-attachment":"scroll","background-type":"","background-media":"","overlay-type":"","overlay-color":"","overlay-opacity":"","overlay-gradient":""}},"footnotes":""},"class_list":["post-114","page","type-page","status-publish","hentry"],"_links":{"self":[{"href":"https:\/\/therapie-blume.de\/index.php?rest_route=\/wp\/v2\/pages\/114","targetHints":{"allow":["GET"]}}],"collection":[{"href":"https:\/\/therapie-blume.de\/index.php?rest_route=\/wp\/v2\/pages"}],"about":[{"href":"https:\/\/therapie-blume.de\/index.php?rest_route=\/wp\/v2\/types\/page"}],"author":[{"embeddable":true,"href":"https:\/\/therapie-blume.de\/index.php?rest_route=\/wp\/v2\/users\/2"}],"replies":[{"embeddable":true,"href":"https:\/\/therapie-blume.de\/index.php?rest_route=%2Fwp%2Fv2%2Fcomments&post=114"}],"version-history":[{"count":78,"href":"https:\/\/therapie-blume.de\/index.php?rest_route=\/wp\/v2\/pages\/114\/revisions"}],"predecessor-version":[{"id":708,"href":"https:\/\/therapie-blume.de\/index.php?rest_route=\/wp\/v2\/pages\/114\/revisions\/708"}],"wp:attachment":[{"href":"https:\/\/therapie-blume.de\/index.php?rest_route=%2Fwp%2Fv2%2Fmedia&parent=114"}],"curies":[{"name":"wp","href":"https:\/\/api.w.org\/{rel}","templated":true}]}}